{"id":3218,"date":"2013-06-29T19:07:28","date_gmt":"2013-06-29T19:07:28","guid":{"rendered":"https:\/\/modulbake.hu\/?page_id=3218"},"modified":"2025-04-14T22:05:05","modified_gmt":"2025-04-14T22:05:05","slug":"self-service-bread-slicer","status":"publish","type":"page","link":"https:\/\/modulbake.hu\/en\/self-service-bread-slicer\/","title":{"rendered":"Self service bread slicer"},"content":{"rendered":"<section class=\"l-section wpb_row height_small color_alternate\"><div class=\"l-section-h i-cf\"><div class=\"g-cols vc_row via_flex valign_top type_default stacking_default\"><div class=\"vc_col-sm-6 wpb_column vc_column_container\"><div class=\"vc_column-inner\"><div class=\"wpb_wrapper\"><\/div><\/div><\/div><div class=\"vc_col-sm-6 wpb_column vc_column_container\"><div class=\"vc_column-inner\"><div class=\"wpb_wrapper\"><nav class=\"g-breadcrumbs separator_icon align_right hide_current\" itemscope itemtype=\"http:\/\/schema.org\/BreadcrumbList\"><div class=\"g-breadcrumbs-item\" itemscope itemprop=\"itemListElement\" itemtype=\"http:\/\/schema.org\/ListItem\"><a itemprop=\"item\" href=\"https:\/\/modulbake.hu\/en\/\"><span itemprop=\"name\">Home<\/span><\/a><meta itemprop=\"position\" content=\"1\"\/><\/div><div class=\"g-breadcrumbs-separator\"><i class=\"far fa-angle-right\"><\/i><\/div><div class=\"g-breadcrumbs-item\">Pages<\/div><\/nav><\/div><\/div><\/div><\/div><\/div><\/section><section class=\"l-section wpb_row height_small\"><div class=\"l-section-h i-cf\"><div class=\"g-cols vc_row via_flex valign_top type_default stacking_default\"><div class=\"vc_col-sm-12 wpb_column vc_column_container\"><div class=\"vc_column-inner\"><div class=\"wpb_wrapper\"><div class=\"wpb_text_column\"><div class=\"wpb_wrapper\"><h1>Self service bread slicer<\/h1>\n<p style=\"text-align: justify;\" align=\"justify\">The self service bread slicer can be operated by the customers of the supermarket or bakery shop. This result high savings in wages.<\/p>\n<\/div><\/div><\/div><\/div><\/div><\/div><\/div><\/section><section class=\"l-section wpb_row height_small\"><div class=\"l-section-h i-cf\"><div class=\"g-cols vc_row via_flex valign_top type_default stacking_default\"><div class=\"vc_col-sm-3 wpb_column vc_column_container\"><div class=\"vc_column-inner\"><div class=\"wpb_wrapper\"><div class=\"w-image align_center us_animate_afl\"><div class=\"w-image-h\"><img decoding=\"async\" width=\"100\" height=\"100\" src=\"https:\/\/modulbake.hu\/wp-content\/uploads\/2019\/08\/logo250x250.jpg\" class=\"attachment-us_100_100 size-us_100_100\" alt=\"\" loading=\"lazy\" srcset=\"https:\/\/modulbake.hu\/wp-content\/uploads\/2019\/08\/logo250x250.jpg 250w, https:\/\/modulbake.hu\/wp-content\/uploads\/2019\/08\/logo250x250-150x150.jpg 150w, https:\/\/modulbake.hu\/wp-content\/uploads\/2019\/08\/logo250x250-200x200.jpg 200w\" sizes=\"auto, (max-width: 100px) 100vw, 100px\" \/><\/div><\/div><div class=\"w-image align_center us_animate_afl\"><div class=\"w-image-h\"><img decoding=\"async\" width=\"800\" height=\"1077\" src=\"https:\/\/modulbake.hu\/wp-content\/uploads\/2013\/06\/SELF52clear.jpg\" class=\"attachment-medium size-medium\" alt=\"\" loading=\"lazy\" srcset=\"https:\/\/modulbake.hu\/wp-content\/uploads\/2013\/06\/SELF52clear.jpg 800w, https:\/\/modulbake.hu\/wp-content\/uploads\/2013\/06\/SELF52clear-768x1034.jpg 768w, https:\/\/modulbake.hu\/wp-content\/uploads\/2013\/06\/SELF52clear-600x808.jpg 600w\" sizes=\"auto, (max-width: 800px) 100vw, 800px\" \/><\/div><\/div><div class=\"w-grid us_grid type_masonry layout_gallery_default cols_2 preload_style_spinner with_isotope\" id=\"us_grid_1\" style=\"--columns:2;--gap:4px;\" data-filterable=\"true\"><style>.layout_gallery_default .w-grid-item-h{}<\/style><div class=\"w-grid-list\">\t<article class=\"w-grid-item size_1x1 post-9894 attachment type-attachment status-inherit hentry\" data-id=\"9894\">\r\n\t\t<div class=\"w-grid-item-h\">\r\n\t\t\t\t\t\t\t<a ref=\"magnificPopupGrid\" href=\"https:\/\/modulbake.hu\/wp-content\/uploads\/2013\/06\/7U2A1772.jpg\" class=\"w-grid-item-anchor\" aria-label=\"\u00d6nkiszolg\u00e1l\u00f3 keny\u00e9rszeletel\u0151 g\u00e9p\"><\/a>\r\n\t\t\t\t\t\t<div class=\"w-post-elm post_image usg_post_image_1 stretched\"><img decoding=\"async\" width=\"600\" height=\"400\" src=\"https:\/\/modulbake.hu\/wp-content\/uploads\/2013\/06\/7U2A1772-600x400.jpg\" class=\"attachment-us_600_0 size-us_600_0\" alt=\"\" \/><\/div>\t\t<\/div>\r\n\t\t\t<\/article>\r\n\t<article class=\"w-grid-item size_1x1 post-9896 attachment type-attachment status-inherit hentry\" data-id=\"9896\">\r\n\t\t<div class=\"w-grid-item-h\">\r\n\t\t\t\t\t\t\t<a ref=\"magnificPopupGrid\" href=\"https:\/\/modulbake.hu\/wp-content\/uploads\/2013\/06\/100_0985.jpg\" class=\"w-grid-item-anchor\" aria-label=\"\u00d6nkiszolg\u00e1l\u00f3 keny\u00e9rszeletel\u0151 g\u00e9p\"><\/a>\r\n\t\t\t\t\t\t<div class=\"w-post-elm post_image usg_post_image_1 stretched\"><img decoding=\"async\" width=\"600\" height=\"400\" src=\"https:\/\/modulbake.hu\/wp-content\/uploads\/2013\/06\/100_0985-600x400.jpg\" class=\"attachment-us_600_0 size-us_600_0\" alt=\"\" \/><\/div>\t\t<\/div>\r\n\t\t\t<\/article>\r\n\t<article class=\"w-grid-item size_1x1 post-9895 attachment type-attachment status-inherit hentry\" data-id=\"9895\">\r\n\t\t<div class=\"w-grid-item-h\">\r\n\t\t\t\t\t\t\t<a ref=\"magnificPopupGrid\" href=\"https:\/\/modulbake.hu\/wp-content\/uploads\/2013\/06\/SELF52clear.jpg\" class=\"w-grid-item-anchor\" aria-label=\"\u00d6nkiszolg\u00e1l\u00f3 keny\u00e9rszeletel\u0151 g\u00e9p\"><\/a>\r\n\t\t\t\t\t\t<div class=\"w-post-elm post_image usg_post_image_1 stretched\"><img decoding=\"async\" width=\"600\" height=\"400\" src=\"https:\/\/modulbake.hu\/wp-content\/uploads\/2013\/06\/SELF52clear-600x400.jpg\" class=\"attachment-us_600_0 size-us_600_0\" alt=\"\" \/><\/div>\t\t<\/div>\r\n\t\t\t<\/article>\r\n\t<article class=\"w-grid-item size_1x1 post-9900 attachment type-attachment status-inherit hentry\" data-id=\"9900\">\r\n\t\t<div class=\"w-grid-item-h\">\r\n\t\t\t\t\t\t\t<a ref=\"magnificPopupGrid\" href=\"https:\/\/modulbake.hu\/wp-content\/uploads\/2013\/06\/100_1226.jpg\" class=\"w-grid-item-anchor\" aria-label=\"\u00d6nkiszolg\u00e1l\u00f3 keny\u00e9rszeletel\u0151 g\u00e9p\"><\/a>\r\n\t\t\t\t\t\t<div class=\"w-post-elm post_image usg_post_image_1 stretched\"><img decoding=\"async\" width=\"600\" height=\"400\" src=\"https:\/\/modulbake.hu\/wp-content\/uploads\/2013\/06\/100_1226-600x400.jpg\" class=\"attachment-us_600_0 size-us_600_0\" alt=\"\" \/><\/div>\t\t<\/div>\r\n\t\t\t<\/article>\r\n\t<article class=\"w-grid-item size_1x1 post-9901 attachment type-attachment status-inherit hentry\" data-id=\"9901\">\r\n\t\t<div class=\"w-grid-item-h\">\r\n\t\t\t\t\t\t\t<a ref=\"magnificPopupGrid\" href=\"https:\/\/modulbake.hu\/wp-content\/uploads\/2013\/06\/100_1115.jpg\" class=\"w-grid-item-anchor\" aria-label=\"\u00d6nkiszolg\u00e1l\u00f3 keny\u00e9rszeletel\u0151 g\u00e9p\"><\/a>\r\n\t\t\t\t\t\t<div class=\"w-post-elm post_image usg_post_image_1 stretched\"><img decoding=\"async\" width=\"600\" height=\"400\" src=\"https:\/\/modulbake.hu\/wp-content\/uploads\/2013\/06\/100_1115-600x400.jpg\" class=\"attachment-us_600_0 size-us_600_0\" alt=\"\" \/><\/div>\t\t<\/div>\r\n\t\t\t<\/article>\r\n\t<article class=\"w-grid-item size_1x1 post-9902 attachment type-attachment status-inherit hentry\" data-id=\"9902\">\r\n\t\t<div class=\"w-grid-item-h\">\r\n\t\t\t\t\t\t\t<a ref=\"magnificPopupGrid\" href=\"https:\/\/modulbake.hu\/wp-content\/uploads\/2013\/06\/IMG_0582.jpg\" class=\"w-grid-item-anchor\" aria-label=\"\u00d6nkiszolg\u00e1l\u00f3 keny\u00e9rszeletel\u0151 g\u00e9p\"><\/a>\r\n\t\t\t\t\t\t<div class=\"w-post-elm post_image usg_post_image_1 stretched\"><img decoding=\"async\" width=\"600\" height=\"400\" src=\"https:\/\/modulbake.hu\/wp-content\/uploads\/2013\/06\/IMG_0582-600x400.jpg\" class=\"attachment-us_600_0 size-us_600_0\" alt=\"\" \/><\/div>\t\t<\/div>\r\n\t\t\t<\/article>\r\n\t<article class=\"w-grid-item size_1x1 post-9897 attachment type-attachment status-inherit hentry\" data-id=\"9897\">\r\n\t\t<div class=\"w-grid-item-h\">\r\n\t\t\t\t\t\t\t<a ref=\"magnificPopupGrid\" href=\"https:\/\/modulbake.hu\/wp-content\/uploads\/2013\/06\/100_0987.jpg\" class=\"w-grid-item-anchor\" aria-label=\"\u00d6nkiszolg\u00e1l\u00f3 keny\u00e9rszeletel\u0151 g\u00e9p\"><\/a>\r\n\t\t\t\t\t\t<div class=\"w-post-elm post_image usg_post_image_1 stretched\"><img decoding=\"async\" width=\"600\" height=\"400\" src=\"https:\/\/modulbake.hu\/wp-content\/uploads\/2013\/06\/100_0987-600x400.jpg\" class=\"attachment-us_600_0 size-us_600_0\" alt=\"\" \/><\/div>\t\t<\/div>\r\n\t\t\t<\/article>\r\n\t<article class=\"w-grid-item size_1x1 post-9898 attachment type-attachment status-inherit hentry\" data-id=\"9898\">\r\n\t\t<div class=\"w-grid-item-h\">\r\n\t\t\t\t\t\t\t<a ref=\"magnificPopupGrid\" href=\"https:\/\/modulbake.hu\/wp-content\/uploads\/2013\/06\/100_0988.jpg\" class=\"w-grid-item-anchor\" aria-label=\"\u00d6nkiszolg\u00e1l\u00f3 keny\u00e9rszeletel\u0151 g\u00e9p\"><\/a>\r\n\t\t\t\t\t\t<div class=\"w-post-elm post_image usg_post_image_1 stretched\"><img decoding=\"async\" width=\"600\" height=\"400\" src=\"https:\/\/modulbake.hu\/wp-content\/uploads\/2013\/06\/100_0988-600x400.jpg\" class=\"attachment-us_600_0 size-us_600_0\" alt=\"\" \/><\/div>\t\t<\/div>\r\n\t\t\t<\/article>\r\n<\/div>\t<div class=\"w-grid-preloader\">\r\n\t\t<div class=\"g-preloader type_1\">\r\n\t\t\t<div><\/div>\r\n\t\t<\/div>\r\n\t<\/div>\r\n\t\t<div class=\"w-grid-json hidden\" onclick='return {&quot;action&quot;:&quot;us_ajax_grid&quot;,&quot;infinite_scroll&quot;:0,&quot;max_num_pages&quot;:1,&quot;pagination&quot;:&quot;none&quot;,&quot;template_vars&quot;:{&quot;columns&quot;:&quot;2&quot;,&quot;exclude_items&quot;:&quot;none&quot;,&quot;img_size&quot;:&quot;us_600_0&quot;,&quot;ignore_items_size&quot;:0,&quot;items_layout&quot;:&quot;gallery_default&quot;,&quot;items_offset&quot;:&quot;1&quot;,&quot;load_animation&quot;:&quot;none&quot;,&quot;overriding_link&quot;:&quot;%7B%22type%22%3A%22popup_image%22%7D&quot;,&quot;post_id&quot;:0,&quot;query_args&quot;:{&quot;post_type&quot;:[&quot;attachment&quot;],&quot;post__in&quot;:[&quot;7511&quot;,&quot;7513&quot;,&quot;7512&quot;,&quot;7517&quot;,&quot;7518&quot;,&quot;7519&quot;,&quot;7514&quot;,&quot;7515&quot;],&quot;post_status&quot;:&quot;inherit&quot;,&quot;post_mime_type&quot;:&quot;image&quot;,&quot;posts_per_page&quot;:999},&quot;orderby_query_args&quot;:{&quot;orderby&quot;:{&quot;post__in&quot;:&quot;ASC&quot;},&quot;order&quot;:&quot;ASC&quot;},&quot;type&quot;:&quot;masonry&quot;,&quot;us_grid_post_type&quot;:&quot;attachment&quot;,&quot;us_grid_ajax_index&quot;:1,&quot;us_grid_filter_query_string&quot;:null,&quot;us_grid_index&quot;:1,&quot;page_args&quot;:[],&quot;lang&quot;:&quot;en&quot;}}'><\/div>\r\n\t<\/div><div class=\"w-separator size_medium with_line width_default thick_1 style_solid color_border align_center\"><div class=\"w-separator-h\"><\/div><\/div><\/div><\/div><\/div><div class=\"vc_col-sm-9 wpb_column vc_column_container\"><div class=\"vc_column-inner\"><div class=\"wpb_wrapper\"><div class=\"w-image align_left\"><div class=\"w-image-h\"><img decoding=\"async\" width=\"100\" height=\"21\" src=\"https:\/\/modulbake.hu\/wp-content\/uploads\/2013\/06\/SELF52-e1428820448121.jpg\" class=\"attachment-full size-full\" alt=\"\" loading=\"lazy\" \/><\/div><\/div><div class=\"wpb_text_column\"><div class=\"wpb_wrapper\"><h2><\/h2>\n<h2><\/h2>\n<h2>SELF\u00a0series<\/h2>\n<p>The <strong>self service bread slicer<\/strong> is an advanced and safety solution which result high savings in wages for the owner of the machine. This is the only bread slicer which can be operated easily by the customer.<\/p>\n<p>The use of the machine can be effective from only 100-150 pieces of breads \/ day and in most cases the investment returns in around one year.<\/p>\n<\/div><\/div><div class=\"wpb_text_column\"><div class=\"wpb_wrapper\"><ul>\n<li>The machine is equiped\u00a0with\u00a0figures and guide for the customer how to use.<\/li>\n<li>Robust, vandal resistant construction.<\/li>\n<li>\n<div align=\"left\">Slice thickness can be ordered between 10 and 22 mm.<\/div>\n<\/li>\n<li>A special unit on the front table avoid the bread to falling into pieces after slicing.<\/li>\n<li>4 pieces of wheels with brakes.<\/li>\n<li>The self-regulatory mechanism regulate the power of the bread pusher\u00a0regarding to the bread hardness (without electrical parts).<\/li>\n<li>The moving parts can not be accessed by the customer when the machine is working.<\/li>\n<li>\n<div align=\"left\">When the machine is in operation, the front and top doors are closed by 150 kg power.<\/div>\n<\/li>\n<li>The slicing cycle can be started only after the doors are closed.<\/li>\n<li>Low and easy maintenance.<\/li>\n<li>24V\u00a0controls.<\/li>\n<li>Huge branch for bread pieces on the bottom.<\/li>\n<li>\n<div align=\"left\">High quality parts and Belgian\u00a0blades.<\/div>\n<\/li>\n<\/ul>\n<\/div><\/div><div class=\"wpb_text_column\"><div class=\"wpb_wrapper\"><h4>Options<\/h4>\n<ul>\n<li>220V 50Hz mains connection<\/li>\n<li>Custom colors<br \/>\n<a href=\"http:\/\/ralcolors.com\">open\u00a0ral colors<\/a><\/li>\n<\/ul>\n<\/div><\/div><div class=\"wpb_text_column\"><div class=\"wpb_wrapper\"><table style=\"width: 760px; height: 122px;\" border=\"0\">\n<tbody>\n<tr style=\"background-color: #fe4641;\">\n<td style=\"text-align: center;\"><span style=\"color: #ffffff; font-size: small;\">Model<\/span><\/td>\n<td style=\"text-align: center;\" align=\"center\"><span style=\"color: #ffffff; font-size: small;\">Max. cutting height<\/span><\/td>\n<td style=\"text-align: center;\" align=\"center\"><span style=\"color: #ffffff; font-size: small;\">Max.\u00a0cutting width<\/span><\/td>\n<td style=\"text-align: center;\" align=\"center\"><span style=\"color: #ffffff; font-size: small;\">Max. cutting depth<\/span><\/td>\n<td style=\"text-align: center;\" align=\"center\"><span style=\"color: #ffffff; font-size: small;\">Capacity<\/span><\/td>\n<td style=\"text-align: center;\" align=\"center\"><span style=\"color: #ffffff; font-size: small;\">Machine sizes<\/span><\/td>\n<td style=\"text-align: center;\" align=\"center\"><span style=\"color: #ffffff; font-size: small;\">Weight<\/span><\/td>\n<td style=\"text-align: center;\" align=\"center\"><span style=\"color: #ffffff; font-size: small;\">Motor capacity<\/span><\/td>\n<\/tr>\n<tr style=\"background-color: #444;\">\n<td style=\"text-align: center;\"><\/td>\n<td style=\"text-align: center;\"><span style=\"color: #ffffff; font-size: small;\">mm<\/span><\/td>\n<td style=\"text-align: center;\"><span style=\"color: #ffffff; font-size: small;\">mm<\/span><\/td>\n<td style=\"text-align: center;\"><span style=\"color: #ffffff; font-size: small;\">mm<\/span><\/td>\n<td style=\"text-align: center;\"><span style=\"color: #ffffff; font-size: small;\">pieces\/ hour<\/span><\/td>\n<td style=\"text-align: center;\"><span style=\"color: #ffffff; font-size: small;\">mm<\/span><\/td>\n<td style=\"text-align: center;\"><span style=\"color: #ffffff; font-size: small;\">kg<\/span><\/td>\n<td style=\"text-align: center;\"><span style=\"color: #ffffff; font-size: small;\">kW<\/span><\/td>\n<\/tr>\n<tr>\n<td><strong>SELF52<\/strong><\/td>\n<td style=\"text-align: center;\"><span style=\"font-size: small;\">190<\/span><\/td>\n<td style=\"text-align: center;\"><span style=\"font-size: small;\">515<\/span><\/td>\n<td style=\"text-align: center;\"><span style=\"font-size: small;\">270<\/span><\/td>\n<td style=\"text-align: center;\"><span style=\"font-size: small;\">250<\/span><\/td>\n<td style=\"text-align: center;\"><span style=\"font-size: small;\">660 x 660 x 1170<\/span><\/td>\n<td style=\"text-align: center;\"><span style=\"font-size: small;\">175<\/span><\/td>\n<td style=\"text-align: center;\"><span style=\"font-size: small;\">0,55<\/span><\/td>\n<\/tr>\n<\/tbody>\n<\/table>\n<\/div><\/div><div class=\"w-separator size_custom\" style=\"height:32px\"><\/div><div class=\"w-message color_blue with_icon\"><div class=\"w-message-icon\"><i class=\"fas fa-info\"><\/i><\/div><div class=\"w-message-body\"><p>The machine can be operated by the customers in the supermarket. The employer can reach almost 100% save in wages by this investment.<\/p>\n<\/div><\/div><\/div><\/div><\/div><\/div><\/div><\/section><section class=\"l-section wpb_row height_small color_alternate\"><div class=\"l-section-h i-cf\"><div class=\"g-cols vc_row via_flex valign_top type_default stacking_default\"><div class=\"vc_col-sm-6 wpb_column vc_column_container\"><div class=\"vc_column-inner\"><div class=\"wpb_wrapper\"><div class=\"w-video align_none ratio_16x9 has_iframe\"><div class=\"w-video-h\"><iframe title=\"Youtube video player\" src=\"\/\/www.youtube.com\/embed\/N93klg_DMMA?autoplay=0&controls=1&origin=https:\/\/modulbake.hu\/en\/&loop=0&mute=0\" allowfullscreen=\"1\" loading=\"lazy\"><\/iframe><\/div><\/div><\/div><\/div><\/div><div class=\"vc_col-sm-6 wpb_column vc_column_container\"><div class=\"vc_column-inner\"><div class=\"wpb_wrapper\"><\/div><\/div><\/div><\/div><\/div><\/section><section class=\"l-section wpb_row height_small width_full color_primary\"><div class=\"l-section-h i-cf\"><div class=\"g-cols vc_row via_flex valign_top type_default stacking_default\"><div class=\"vc_col-sm-12 wpb_column vc_column_container\"><div class=\"vc_column-inner\"><div class=\"wpb_wrapper\"><\/div><\/div><\/div><\/div><\/div><\/section>\n","protected":false},"excerpt":{"rendered":"\u00d6nkiszolg\u00e1l\u00f3 keny\u00e9rszeletel\u0151 g\u00e9p","protected":false},"author":4,"featured_media":9880,"parent":0,"menu_order":0,"comment_status":"closed","ping_status":"closed","template":"","meta":{"footnotes":""},"class_list":["post-3218","page","type-page","status-publish","has-post-thumbnail","hentry"],"yoast_head":"<!-- This site is optimized with the Yoast SEO plugin v27.4 - https:\/\/yoast.com\/product\/yoast-seo-wordpress\/ -->\n<title>self service bread slicer<\/title>\n<meta name=\"description\" content=\"Self service bread slicer directly from the manufacturer. This machine can be operated by the customer of the bakery shop \/ supermarket safely.\" \/>\n<meta name=\"robots\" content=\"index, follow, max-snippet:-1, max-image-preview:large, max-video-preview:-1\" \/>\n<link rel=\"canonical\" href=\"https:\/\/modulbake.hu\/en\/self-service-bread-slicer\/\" \/>\n<meta name=\"twitter:label1\" content=\"Est. reading time\" \/>\n\t<meta name=\"twitter:data1\" content=\"3 minutes\" \/>\n<script type=\"application\/ld+json\" class=\"yoast-schema-graph\">{\"@context\":\"https:\\\/\\\/schema.org\",\"@graph\":[{\"@type\":\"WebPage\",\"@id\":\"https:\\\/\\\/modulbake.hu\\\/en\\\/self-service-bread-slicer\\\/\",\"url\":\"https:\\\/\\\/modulbake.hu\\\/en\\\/self-service-bread-slicer\\\/\",\"name\":\"self service bread slicer\",\"isPartOf\":{\"@id\":\"https:\\\/\\\/modulbake.hu\\\/#website\"},\"primaryImageOfPage\":{\"@id\":\"https:\\\/\\\/modulbake.hu\\\/en\\\/self-service-bread-slicer\\\/#primaryimage\"},\"image\":{\"@id\":\"https:\\\/\\\/modulbake.hu\\\/en\\\/self-service-bread-slicer\\\/#primaryimage\"},\"thumbnailUrl\":\"https:\\\/\\\/modulbake.hu\\\/wp-content\\\/uploads\\\/2017\\\/09\\\/SELF52-index.png\",\"datePublished\":\"2013-06-29T19:07:28+00:00\",\"dateModified\":\"2025-04-14T22:05:05+00:00\",\"description\":\"Self service bread slicer directly from the manufacturer. This machine can be operated by the customer of the bakery shop \\\/ supermarket safely.\",\"inLanguage\":\"en-US\",\"potentialAction\":[{\"@type\":\"ReadAction\",\"target\":[\"https:\\\/\\\/modulbake.hu\\\/en\\\/self-service-bread-slicer\\\/\"]}]},{\"@type\":\"ImageObject\",\"inLanguage\":\"en-US\",\"@id\":\"https:\\\/\\\/modulbake.hu\\\/en\\\/self-service-bread-slicer\\\/#primaryimage\",\"url\":\"https:\\\/\\\/modulbake.hu\\\/wp-content\\\/uploads\\\/2017\\\/09\\\/SELF52-index.png\",\"contentUrl\":\"https:\\\/\\\/modulbake.hu\\\/wp-content\\\/uploads\\\/2017\\\/09\\\/SELF52-index.png\",\"width\":300,\"height\":300},{\"@type\":\"WebSite\",\"@id\":\"https:\\\/\\\/modulbake.hu\\\/#website\",\"url\":\"https:\\\/\\\/modulbake.hu\\\/\",\"name\":\"Modul-Bake Kft. - Keny\u00e9rszeletel\u0151 g\u00e9pek, s\u00fct\u0151ipari \u00e9s cukr\u00e1szipari g\u00e9pek \u00e9s eszk\u00f6z\u00f6k\",\"description\":\"Keny\u00e9rszeletel\u0151 g\u00e9p, zsemlemorzsa dar\u00e1l\u00f3 g\u00e9p, kemence, forg\u00f3kocsis kemence, dagaszt\u00f3 g\u00e9p, ny\u00fajt\u00f3g\u00e9p, lisztsil\u00f3, kiflisodr\u00f3 g\u00e9p, zsemle oszt\u00f3 g\u00f6mb\u00f6ly\u00edt\u0151 g\u00e9p, s\u00fct\u0151kocsi, s\u00fct\u0151lemez bagett lemez, vet\u0151szerkezet, habver\u0151 kever\u0151 g\u00e9p, lemeztiszt\u00edt\u00f3 g\u00e9p, cukr\u00e1szipari g\u00e9p, s\u00fct\u0151ipari g\u00e9p, keny\u00e9rszeletel\u0151 g\u00e9p k\u00e9s, kiflisodr\u00f3 g\u00e9p filc, kr\u00e9mt\u00f6lt\u0151 g\u00e9p, kr\u00e9mf\u0151z\u0151 g\u00e9p,\",\"publisher\":{\"@id\":\"https:\\\/\\\/modulbake.hu\\\/#organization\"},\"potentialAction\":[{\"@type\":\"SearchAction\",\"target\":{\"@type\":\"EntryPoint\",\"urlTemplate\":\"https:\\\/\\\/modulbake.hu\\\/?s={search_term_string}\"},\"query-input\":{\"@type\":\"PropertyValueSpecification\",\"valueRequired\":true,\"valueName\":\"search_term_string\"}}],\"inLanguage\":\"en-US\"},{\"@type\":\"Organization\",\"@id\":\"https:\\\/\\\/modulbake.hu\\\/#organization\",\"name\":\"Modul-Bake Kft. - Keny\u00e9rszeletel\u0151 g\u00e9pek, s\u00fct\u0151ipari \u00e9s cukr\u00e1szipari g\u00e9pek \u00e9s eszk\u00f6z\u00f6k\",\"url\":\"https:\\\/\\\/modulbake.hu\\\/\",\"logo\":{\"@type\":\"ImageObject\",\"inLanguage\":\"en-US\",\"@id\":\"https:\\\/\\\/modulbake.hu\\\/#\\\/schema\\\/logo\\\/image\\\/\",\"url\":\"https:\\\/\\\/modulbake.hu\\\/wp-content\\\/uploads\\\/2019\\\/08\\\/logo250x250.jpg\",\"contentUrl\":\"https:\\\/\\\/modulbake.hu\\\/wp-content\\\/uploads\\\/2019\\\/08\\\/logo250x250.jpg\",\"width\":250,\"height\":250,\"caption\":\"Modul-Bake Kft. - Keny\u00e9rszeletel\u0151 g\u00e9pek, s\u00fct\u0151ipari \u00e9s cukr\u00e1szipari g\u00e9pek \u00e9s eszk\u00f6z\u00f6k\"},\"image\":{\"@id\":\"https:\\\/\\\/modulbake.hu\\\/#\\\/schema\\\/logo\\\/image\\\/\"},\"sameAs\":[\"http:\\\/\\\/facebook.com\\\/modulbake\",\"https:\\\/\\\/m.youtube.com\\\/@modulbakekft\",\"http:\\\/\\\/linkedin.com\\\/in\\\/modul-bake\",\"https:\\\/\\\/www.instagram.com\\\/modulbake?igsh=MTVmc21sdzdzbWlsdg&utm_source=qr\"]}]}<\/script>\n<!-- \/ Yoast SEO plugin. -->","yoast_head_json":{"title":"self service bread slicer","description":"Self service bread slicer directly from the manufacturer. This machine can be operated by the customer of the bakery shop \/ supermarket safely.","robots":{"index":"index","follow":"follow","max-snippet":"max-snippet:-1","max-image-preview":"max-image-preview:large","max-video-preview":"max-video-preview:-1"},"canonical":"https:\/\/modulbake.hu\/en\/self-service-bread-slicer\/","twitter_misc":{"Est. reading time":"3 minutes"},"schema":{"@context":"https:\/\/schema.org","@graph":[{"@type":"WebPage","@id":"https:\/\/modulbake.hu\/en\/self-service-bread-slicer\/","url":"https:\/\/modulbake.hu\/en\/self-service-bread-slicer\/","name":"self service bread slicer","isPartOf":{"@id":"https:\/\/modulbake.hu\/#website"},"primaryImageOfPage":{"@id":"https:\/\/modulbake.hu\/en\/self-service-bread-slicer\/#primaryimage"},"image":{"@id":"https:\/\/modulbake.hu\/en\/self-service-bread-slicer\/#primaryimage"},"thumbnailUrl":"https:\/\/modulbake.hu\/wp-content\/uploads\/2017\/09\/SELF52-index.png","datePublished":"2013-06-29T19:07:28+00:00","dateModified":"2025-04-14T22:05:05+00:00","description":"Self service bread slicer directly from the manufacturer. This machine can be operated by the customer of the bakery shop \/ supermarket safely.","inLanguage":"en-US","potentialAction":[{"@type":"ReadAction","target":["https:\/\/modulbake.hu\/en\/self-service-bread-slicer\/"]}]},{"@type":"ImageObject","inLanguage":"en-US","@id":"https:\/\/modulbake.hu\/en\/self-service-bread-slicer\/#primaryimage","url":"https:\/\/modulbake.hu\/wp-content\/uploads\/2017\/09\/SELF52-index.png","contentUrl":"https:\/\/modulbake.hu\/wp-content\/uploads\/2017\/09\/SELF52-index.png","width":300,"height":300},{"@type":"WebSite","@id":"https:\/\/modulbake.hu\/#website","url":"https:\/\/modulbake.hu\/","name":"Modul-Bake Kft. - Keny\u00e9rszeletel\u0151 g\u00e9pek, s\u00fct\u0151ipari \u00e9s cukr\u00e1szipari g\u00e9pek \u00e9s eszk\u00f6z\u00f6k","description":"Keny\u00e9rszeletel\u0151 g\u00e9p, zsemlemorzsa dar\u00e1l\u00f3 g\u00e9p, kemence, forg\u00f3kocsis kemence, dagaszt\u00f3 g\u00e9p, ny\u00fajt\u00f3g\u00e9p, lisztsil\u00f3, kiflisodr\u00f3 g\u00e9p, zsemle oszt\u00f3 g\u00f6mb\u00f6ly\u00edt\u0151 g\u00e9p, s\u00fct\u0151kocsi, s\u00fct\u0151lemez bagett lemez, vet\u0151szerkezet, habver\u0151 kever\u0151 g\u00e9p, lemeztiszt\u00edt\u00f3 g\u00e9p, cukr\u00e1szipari g\u00e9p, s\u00fct\u0151ipari g\u00e9p, keny\u00e9rszeletel\u0151 g\u00e9p k\u00e9s, kiflisodr\u00f3 g\u00e9p filc, kr\u00e9mt\u00f6lt\u0151 g\u00e9p, kr\u00e9mf\u0151z\u0151 g\u00e9p,","publisher":{"@id":"https:\/\/modulbake.hu\/#organization"},"potentialAction":[{"@type":"SearchAction","target":{"@type":"EntryPoint","urlTemplate":"https:\/\/modulbake.hu\/?s={search_term_string}"},"query-input":{"@type":"PropertyValueSpecification","valueRequired":true,"valueName":"search_term_string"}}],"inLanguage":"en-US"},{"@type":"Organization","@id":"https:\/\/modulbake.hu\/#organization","name":"Modul-Bake Kft. - Keny\u00e9rszeletel\u0151 g\u00e9pek, s\u00fct\u0151ipari \u00e9s cukr\u00e1szipari g\u00e9pek \u00e9s eszk\u00f6z\u00f6k","url":"https:\/\/modulbake.hu\/","logo":{"@type":"ImageObject","inLanguage":"en-US","@id":"https:\/\/modulbake.hu\/#\/schema\/logo\/image\/","url":"https:\/\/modulbake.hu\/wp-content\/uploads\/2019\/08\/logo250x250.jpg","contentUrl":"https:\/\/modulbake.hu\/wp-content\/uploads\/2019\/08\/logo250x250.jpg","width":250,"height":250,"caption":"Modul-Bake Kft. - Keny\u00e9rszeletel\u0151 g\u00e9pek, s\u00fct\u0151ipari \u00e9s cukr\u00e1szipari g\u00e9pek \u00e9s eszk\u00f6z\u00f6k"},"image":{"@id":"https:\/\/modulbake.hu\/#\/schema\/logo\/image\/"},"sameAs":["http:\/\/facebook.com\/modulbake","https:\/\/m.youtube.com\/@modulbakekft","http:\/\/linkedin.com\/in\/modul-bake","https:\/\/www.instagram.com\/modulbake?igsh=MTVmc21sdzdzbWlsdg&utm_source=qr"]}]}},"jetpack_sharing_enabled":true,"_links":{"self":[{"href":"https:\/\/modulbake.hu\/en\/wp-json\/wp\/v2\/pages\/3218","targetHints":{"allow":["GET"]}}],"collection":[{"href":"https:\/\/modulbake.hu\/en\/wp-json\/wp\/v2\/pages"}],"about":[{"href":"https:\/\/modulbake.hu\/en\/wp-json\/wp\/v2\/types\/page"}],"author":[{"embeddable":true,"href":"https:\/\/modulbake.hu\/en\/wp-json\/wp\/v2\/users\/4"}],"replies":[{"embeddable":true,"href":"https:\/\/modulbake.hu\/en\/wp-json\/wp\/v2\/comments?post=3218"}],"version-history":[{"count":0,"href":"https:\/\/modulbake.hu\/en\/wp-json\/wp\/v2\/pages\/3218\/revisions"}],"wp:featuredmedia":[{"embeddable":true,"href":"https:\/\/modulbake.hu\/en\/wp-json\/wp\/v2\/media\/9880"}],"wp:attachment":[{"href":"https:\/\/modulbake.hu\/en\/wp-json\/wp\/v2\/media?parent=3218"}],"curies":[{"name":"wp","href":"https:\/\/api.w.org\/{rel}","templated":true}]}}