{"id":3268,"date":"2012-08-29T14:02:18","date_gmt":"2012-08-29T14:02:18","guid":{"rendered":"https:\/\/modulbake.hu\/?page_id=3268"},"modified":"2022-12-22T11:01:44","modified_gmt":"2022-12-22T11:01:44","slug":"bread-grinder-machine","status":"publish","type":"page","link":"https:\/\/modulbake.hu\/en\/bread-grinder-machine\/","title":{"rendered":"Bread grinder"},"content":{"rendered":"<section class=\"l-section wpb_row height_small color_alternate\"><div class=\"l-section-h i-cf\"><div class=\"g-cols vc_row via_flex valign_top type_default stacking_default\"><div class=\"vc_col-sm-6 wpb_column vc_column_container\"><div class=\"vc_column-inner\"><div class=\"wpb_wrapper\"><\/div><\/div><\/div><div class=\"vc_col-sm-6 wpb_column vc_column_container\"><div class=\"vc_column-inner\"><div class=\"wpb_wrapper\"><nav class=\"g-breadcrumbs separator_icon align_right hide_current\" itemscope itemtype=\"http:\/\/schema.org\/BreadcrumbList\"><div class=\"g-breadcrumbs-item\" itemscope itemprop=\"itemListElement\" itemtype=\"http:\/\/schema.org\/ListItem\"><a itemprop=\"item\" href=\"https:\/\/modulbake.hu\/en\/\"><span itemprop=\"name\">Home<\/span><\/a><meta itemprop=\"position\" content=\"1\"\/><\/div><div class=\"g-breadcrumbs-separator\"><i class=\"far fa-angle-right\"><\/i><\/div><div class=\"g-breadcrumbs-item\">Pages<\/div><\/nav><\/div><\/div><\/div><\/div><\/div><\/section><section class=\"l-section wpb_row height_medium\"><div class=\"l-section-h i-cf\"><div class=\"g-cols vc_row via_flex valign_top type_default stacking_default\"><div class=\"vc_col-sm-12 wpb_column vc_column_container\"><div class=\"vc_column-inner\"><div class=\"wpb_wrapper\"><div class=\"wpb_text_column\"><div class=\"wpb_wrapper\"><h1>Bread grinder<\/h1>\n<p>Our own production bread grinders are suitable for small and medium sized bakeries and supermarkets.\u00a0Thanks to it\u2019s special construction, the sieves are interchangeable in seconds and it is possible to produce\u00a0bread crumbs with several kind of diameters.<\/p>\n<\/div><\/div><\/div><\/div><\/div><\/div><\/div><\/section><section class=\"l-section wpb_row height_medium\"><div class=\"l-section-h i-cf\"><div class=\"g-cols vc_row via_flex valign_top type_default stacking_default\"><div class=\"vc_col-sm-3 wpb_column vc_column_container\"><div class=\"vc_column-inner\"><div class=\"wpb_wrapper\"><div class=\"w-image align_center us_animate_afl\"><div class=\"w-image-h\"><img decoding=\"async\" width=\"100\" height=\"75\" src=\"https:\/\/modulbake.hu\/wp-content\/uploads\/2012\/08\/v\u00edzjel.jpg\" class=\"attachment-large size-large\" alt=\"\" loading=\"lazy\" \/><\/div><\/div><div class=\"w-image align_center us_animate_afl\"><div class=\"w-image-h\"><img decoding=\"async\" width=\"150\" height=\"300\" src=\"https:\/\/modulbake.hu\/wp-content\/uploads\/2012\/08\/7U2A1533-150x300.jpg\" class=\"attachment-medium size-medium\" alt=\"\" loading=\"lazy\" srcset=\"https:\/\/modulbake.hu\/wp-content\/uploads\/2012\/08\/7U2A1533-150x300.jpg 150w, https:\/\/modulbake.hu\/wp-content\/uploads\/2012\/08\/7U2A1533-768x1540.jpg 768w, https:\/\/modulbake.hu\/wp-content\/uploads\/2012\/08\/7U2A1533-511x1024.jpg 511w, https:\/\/modulbake.hu\/wp-content\/uploads\/2012\/08\/7U2A1533-600x1203.jpg 600w, https:\/\/modulbake.hu\/wp-content\/uploads\/2012\/08\/7U2A1533.jpg 1712w\" sizes=\"auto, (max-width: 150px) 100vw, 150px\" \/><\/div><\/div><div class=\"w-grid us_grid type_masonry layout_gallery_default cols_2 preload_style_spinner with_isotope\" id=\"us_grid_1\" style=\"--columns:2;--gap:4px;\" data-filterable=\"true\"><style>.layout_gallery_default .w-grid-item-h{}<\/style><div class=\"w-grid-list\">\t<article class=\"w-grid-item size_1x1 post-10038 attachment type-attachment status-inherit hentry\" data-id=\"10038\">\r\n\t\t<div class=\"w-grid-item-h\">\r\n\t\t\t\t\t\t\t<a ref=\"magnificPopupGrid\" href=\"https:\/\/modulbake.hu\/wp-content\/uploads\/2012\/08\/7U2A1522.jpg\" class=\"w-grid-item-anchor\" aria-label=\"Zsemlemorzsa dar\u00e1l\u00f3 g\u00e9p\"><\/a>\r\n\t\t\t\t\t\t<div class=\"w-post-elm post_image usg_post_image_1 stretched\"><img decoding=\"async\" width=\"600\" height=\"400\" src=\"https:\/\/modulbake.hu\/wp-content\/uploads\/2012\/08\/7U2A1522-600x400.jpg\" class=\"attachment-us_600_0 size-us_600_0\" alt=\"\" srcset=\"https:\/\/modulbake.hu\/wp-content\/uploads\/2012\/08\/7U2A1522-600x400.jpg 600w, https:\/\/modulbake.hu\/wp-content\/uploads\/2012\/08\/7U2A1522-768x512.jpg 768w, https:\/\/modulbake.hu\/wp-content\/uploads\/2012\/08\/7U2A1522.jpg 800w\" sizes=\"(max-width: 600px) 100vw, 600px\" \/><\/div>\t\t<\/div>\r\n\t\t\t<\/article>\r\n\t<article class=\"w-grid-item size_1x1 post-10039 attachment type-attachment status-inherit hentry\" data-id=\"10039\">\r\n\t\t<div class=\"w-grid-item-h\">\r\n\t\t\t\t\t\t\t<a ref=\"magnificPopupGrid\" href=\"https:\/\/modulbake.hu\/wp-content\/uploads\/2012\/08\/7U2A1524.jpg\" class=\"w-grid-item-anchor\" aria-label=\"Zsemlemorzsa dar\u00e1l\u00f3 g\u00e9p\"><\/a>\r\n\t\t\t\t\t\t<div class=\"w-post-elm post_image usg_post_image_1 stretched\"><img decoding=\"async\" width=\"600\" height=\"400\" src=\"https:\/\/modulbake.hu\/wp-content\/uploads\/2012\/08\/7U2A1524-600x400.jpg\" class=\"attachment-us_600_0 size-us_600_0\" alt=\"\" srcset=\"https:\/\/modulbake.hu\/wp-content\/uploads\/2012\/08\/7U2A1524-600x400.jpg 600w, https:\/\/modulbake.hu\/wp-content\/uploads\/2012\/08\/7U2A1524-768x512.jpg 768w, https:\/\/modulbake.hu\/wp-content\/uploads\/2012\/08\/7U2A1524.jpg 800w\" sizes=\"(max-width: 600px) 100vw, 600px\" \/><\/div>\t\t<\/div>\r\n\t\t\t<\/article>\r\n\t<article class=\"w-grid-item size_1x1 post-10040 attachment type-attachment status-inherit hentry\" data-id=\"10040\">\r\n\t\t<div class=\"w-grid-item-h\">\r\n\t\t\t\t\t\t\t<a ref=\"magnificPopupGrid\" href=\"https:\/\/modulbake.hu\/wp-content\/uploads\/2012\/08\/7U2A1525.jpg\" class=\"w-grid-item-anchor\" aria-label=\"Zsemlemorzsa dar\u00e1l\u00f3 g\u00e9p\"><\/a>\r\n\t\t\t\t\t\t<div class=\"w-post-elm post_image usg_post_image_1 stretched\"><img decoding=\"async\" width=\"600\" height=\"400\" src=\"https:\/\/modulbake.hu\/wp-content\/uploads\/2012\/08\/7U2A1525-600x400.jpg\" class=\"attachment-us_600_0 size-us_600_0\" alt=\"\" srcset=\"https:\/\/modulbake.hu\/wp-content\/uploads\/2012\/08\/7U2A1525-600x400.jpg 600w, https:\/\/modulbake.hu\/wp-content\/uploads\/2012\/08\/7U2A1525-768x512.jpg 768w, https:\/\/modulbake.hu\/wp-content\/uploads\/2012\/08\/7U2A1525.jpg 800w\" sizes=\"(max-width: 600px) 100vw, 600px\" \/><\/div>\t\t<\/div>\r\n\t\t\t<\/article>\r\n<\/div>\t<div class=\"w-grid-preloader\">\r\n\t\t<div class=\"g-preloader type_1\">\r\n\t\t\t<div><\/div>\r\n\t\t<\/div>\r\n\t<\/div>\r\n\t\t<div class=\"w-grid-json hidden\" onclick='return {&quot;action&quot;:&quot;us_ajax_grid&quot;,&quot;infinite_scroll&quot;:0,&quot;max_num_pages&quot;:1,&quot;pagination&quot;:&quot;none&quot;,&quot;template_vars&quot;:{&quot;columns&quot;:&quot;2&quot;,&quot;exclude_items&quot;:&quot;none&quot;,&quot;img_size&quot;:&quot;us_600_0&quot;,&quot;ignore_items_size&quot;:0,&quot;items_layout&quot;:&quot;gallery_default&quot;,&quot;items_offset&quot;:&quot;1&quot;,&quot;load_animation&quot;:&quot;none&quot;,&quot;overriding_link&quot;:&quot;%7B%22type%22%3A%22popup_image%22%7D&quot;,&quot;post_id&quot;:0,&quot;query_args&quot;:{&quot;post_type&quot;:[&quot;attachment&quot;],&quot;post__in&quot;:[&quot;7537&quot;,&quot;7538&quot;,&quot;7539&quot;],&quot;post_status&quot;:&quot;inherit&quot;,&quot;post_mime_type&quot;:&quot;image&quot;,&quot;posts_per_page&quot;:999},&quot;orderby_query_args&quot;:{&quot;orderby&quot;:{&quot;post__in&quot;:&quot;ASC&quot;},&quot;order&quot;:&quot;ASC&quot;},&quot;type&quot;:&quot;masonry&quot;,&quot;us_grid_post_type&quot;:&quot;attachment&quot;,&quot;us_grid_ajax_index&quot;:1,&quot;us_grid_filter_query_string&quot;:null,&quot;us_grid_index&quot;:1,&quot;page_args&quot;:[],&quot;lang&quot;:&quot;en&quot;}}'><\/div>\r\n\t<\/div><div class=\"w-separator size_medium with_line width_default thick_1 style_solid color_border align_center\"><div class=\"w-separator-h\"><\/div><\/div><div class=\"wpb_text_column\"><div class=\"wpb_wrapper\"><\/div><\/div><\/div><\/div><\/div><div class=\"vc_col-sm-9 wpb_column vc_column_container\"><div class=\"vc_column-inner\"><div class=\"wpb_wrapper\"><div class=\"wpb_text_column\"><div class=\"wpb_wrapper\"><h2>GRIND\u00a0series<\/h2>\n<p align=\"justify\">Compact and space saving design, completely in stainless steel. With its unique construction it is possible to produce several kind of bread crumbs. Customers can order\u00a0spare sieves with different diameters and can replace them in seconds without tools. The machine produce very small amount of dust when working! The grinding unit is equipped with a centrifugal plate to raise capacity.<\/p>\n<\/div><\/div><div class=\"wpb_text_column\"><div class=\"wpb_wrapper\"><h3>Features<\/h3>\n<ul>\n<li>Working safety: deflectors inside the tube avoid employee to touch the blades, safety limit switch prevents to restart the machine when the blades are open<\/li>\n<li>Easy to move<\/li>\n<li>The bread grinder is equipped with continuous motor protection<\/li>\n<li>Safety switch<\/li>\n<li>Low dust consumption<\/li>\n<\/ul>\n<\/div><\/div><div class=\"wpb_text_column\"><div class=\"wpb_wrapper\"><h3>Options<\/h3>\n<ul>\n<li>Spare sieves for different kind of bread crumbs<\/li>\n<li>230V (monophase) electric motor<\/li>\n<li>1,1 kW electric motor<\/li>\n<li>Stand<\/li>\n<\/ul>\n<\/div><\/div><div class=\"wpb_text_column\"><div class=\"wpb_wrapper\"><h3>Technical data<\/h3>\n<table style=\"width: 760px; height: 82px;\" border=\"0\">\n<tbody>\n<tr style=\"background-color: #fe4641;\">\n<td style=\"text-align: center;\"><span style=\"color: #ffffff;\">Model<\/span><\/td>\n<td style=\"text-align: center;\" align=\"center\"><span style=\"color: #ffffff;\">Capacity<\/span><\/td>\n<td style=\"text-align: center;\" align=\"center\"><span style=\"color: #ffffff;\">Width x\u00a0length<\/span><br \/>\n<span style=\"color: #ffffff;\">x\u00a0height<\/span><\/td>\n<td style=\"text-align: center;\" align=\"center\"><span style=\"color: #ffffff;\">Weight<\/span><\/td>\n<td style=\"text-align: center;\" align=\"center\"><span style=\"color: #ffffff;\">Current<\/span><\/td>\n<td style=\"text-align: center;\" align=\"center\"><span style=\"color: #ffffff;\">Motor capacity<\/span><\/td>\n<\/tr>\n<tr style=\"background-color: #444;\">\n<td style=\"text-align: center;\"><\/td>\n<td style=\"text-align: center;\"><span style=\"color: #ffffff;\">kg \/ hour<\/span><\/td>\n<td style=\"text-align: center;\"><span style=\"color: #ffffff;\">mm<\/span><\/td>\n<td style=\"text-align: center;\"><span style=\"color: #ffffff;\">kg<\/span><\/td>\n<td style=\"text-align: center;\"><span style=\"color: #ffffff;\">V<\/span><\/td>\n<td style=\"text-align: center;\"><span style=\"color: #ffffff;\">kW<\/span><\/td>\n<\/tr>\n<tr>\n<td style=\"text-align: center;\"><strong>GRIND100<\/strong><\/td>\n<td style=\"text-align: center;\">100<\/td>\n<td style=\"text-align: center;\">350 x 350 x 880<\/td>\n<td style=\"text-align: center;\">32<\/td>\n<td style=\"text-align: center;\">400<\/td>\n<td style=\"text-align: center;\">0,75<\/td>\n<\/tr>\n<\/tbody>\n<\/table>\n<\/div><\/div><\/div><\/div><\/div><\/div><\/div><\/section><section class=\"l-section wpb_row height_small color_primary\"><div class=\"l-section-h i-cf\"><div class=\"g-cols vc_row via_flex valign_top type_default stacking_default\"><div class=\"vc_col-sm-12 wpb_column vc_column_container\"><div class=\"vc_column-inner\"><div class=\"wpb_wrapper\"><\/div><\/div><\/div><\/div><\/div><\/section>\n","protected":false},"excerpt":{"rendered":"Zsemlemorzsa dar\u00e1l\u00f3 g\u00e9p","protected":false},"author":4,"featured_media":6341,"parent":0,"menu_order":0,"comment_status":"closed","ping_status":"closed","template":"","meta":{"footnotes":""},"class_list":["post-3268","page","type-page","status-publish","has-post-thumbnail","hentry"],"yoast_head":"<!-- This site is optimized with the Yoast SEO plugin v27.4 - https:\/\/yoast.com\/product\/yoast-seo-wordpress\/ -->\n<title>Bread grinder for bakeries with interchaneable sieve<\/title>\n<meta name=\"description\" content=\"Bread grinder machine for bakeries with interchangeable sieves, 2 years of guarantee, stainless steel body, 100 kg \/ hour capacity and competitive price\" \/>\n<meta name=\"robots\" content=\"index, follow, max-snippet:-1, max-image-preview:large, max-video-preview:-1\" \/>\n<link rel=\"canonical\" href=\"https:\/\/modulbake.hu\/en\/bread-grinder-machine\/\" \/>\n<meta name=\"twitter:label1\" content=\"Est. reading time\" \/>\n\t<meta name=\"twitter:data1\" content=\"2 minutes\" \/>\n<script type=\"application\/ld+json\" class=\"yoast-schema-graph\">{\"@context\":\"https:\\\/\\\/schema.org\",\"@graph\":[{\"@type\":\"WebPage\",\"@id\":\"https:\\\/\\\/modulbake.hu\\\/en\\\/bread-grinder-machine\\\/\",\"url\":\"https:\\\/\\\/modulbake.hu\\\/en\\\/bread-grinder-machine\\\/\",\"name\":\"Bread grinder for bakeries with interchaneable sieve\",\"isPartOf\":{\"@id\":\"https:\\\/\\\/modulbake.hu\\\/#website\"},\"primaryImageOfPage\":{\"@id\":\"https:\\\/\\\/modulbake.hu\\\/en\\\/bread-grinder-machine\\\/#primaryimage\"},\"image\":{\"@id\":\"https:\\\/\\\/modulbake.hu\\\/en\\\/bread-grinder-machine\\\/#primaryimage\"},\"thumbnailUrl\":\"https:\\\/\\\/modulbake.hu\\\/wp-content\\\/uploads\\\/2012\\\/08\\\/7U2A1533.jpg\",\"datePublished\":\"2012-08-29T14:02:18+00:00\",\"dateModified\":\"2022-12-22T11:01:44+00:00\",\"description\":\"Bread grinder machine for bakeries with interchangeable sieves, 2 years of guarantee, stainless steel body, 100 kg \\\/ hour capacity and competitive price\",\"inLanguage\":\"en-US\",\"potentialAction\":[{\"@type\":\"ReadAction\",\"target\":[\"https:\\\/\\\/modulbake.hu\\\/en\\\/bread-grinder-machine\\\/\"]}]},{\"@type\":\"ImageObject\",\"inLanguage\":\"en-US\",\"@id\":\"https:\\\/\\\/modulbake.hu\\\/en\\\/bread-grinder-machine\\\/#primaryimage\",\"url\":\"https:\\\/\\\/modulbake.hu\\\/wp-content\\\/uploads\\\/2012\\\/08\\\/7U2A1533.jpg\",\"contentUrl\":\"https:\\\/\\\/modulbake.hu\\\/wp-content\\\/uploads\\\/2012\\\/08\\\/7U2A1533.jpg\",\"width\":1712,\"height\":3432,\"caption\":\"GRIND100 zsemlemorzsa dar\u00e1l\u00f3 g\u00e9p\"},{\"@type\":\"WebSite\",\"@id\":\"https:\\\/\\\/modulbake.hu\\\/#website\",\"url\":\"https:\\\/\\\/modulbake.hu\\\/\",\"name\":\"Modul-Bake Kft. - Keny\u00e9rszeletel\u0151 g\u00e9pek, s\u00fct\u0151ipari \u00e9s cukr\u00e1szipari g\u00e9pek \u00e9s eszk\u00f6z\u00f6k\",\"description\":\"Keny\u00e9rszeletel\u0151 g\u00e9p, zsemlemorzsa dar\u00e1l\u00f3 g\u00e9p, kemence, forg\u00f3kocsis kemence, dagaszt\u00f3 g\u00e9p, ny\u00fajt\u00f3g\u00e9p, lisztsil\u00f3, kiflisodr\u00f3 g\u00e9p, zsemle oszt\u00f3 g\u00f6mb\u00f6ly\u00edt\u0151 g\u00e9p, s\u00fct\u0151kocsi, s\u00fct\u0151lemez bagett lemez, vet\u0151szerkezet, habver\u0151 kever\u0151 g\u00e9p, lemeztiszt\u00edt\u00f3 g\u00e9p, cukr\u00e1szipari g\u00e9p, s\u00fct\u0151ipari g\u00e9p, keny\u00e9rszeletel\u0151 g\u00e9p k\u00e9s, kiflisodr\u00f3 g\u00e9p filc, kr\u00e9mt\u00f6lt\u0151 g\u00e9p, kr\u00e9mf\u0151z\u0151 g\u00e9p,\",\"publisher\":{\"@id\":\"https:\\\/\\\/modulbake.hu\\\/#organization\"},\"potentialAction\":[{\"@type\":\"SearchAction\",\"target\":{\"@type\":\"EntryPoint\",\"urlTemplate\":\"https:\\\/\\\/modulbake.hu\\\/?s={search_term_string}\"},\"query-input\":{\"@type\":\"PropertyValueSpecification\",\"valueRequired\":true,\"valueName\":\"search_term_string\"}}],\"inLanguage\":\"en-US\"},{\"@type\":\"Organization\",\"@id\":\"https:\\\/\\\/modulbake.hu\\\/#organization\",\"name\":\"Modul-Bake Kft. - Keny\u00e9rszeletel\u0151 g\u00e9pek, s\u00fct\u0151ipari \u00e9s cukr\u00e1szipari g\u00e9pek \u00e9s eszk\u00f6z\u00f6k\",\"url\":\"https:\\\/\\\/modulbake.hu\\\/\",\"logo\":{\"@type\":\"ImageObject\",\"inLanguage\":\"en-US\",\"@id\":\"https:\\\/\\\/modulbake.hu\\\/#\\\/schema\\\/logo\\\/image\\\/\",\"url\":\"https:\\\/\\\/modulbake.hu\\\/wp-content\\\/uploads\\\/2019\\\/08\\\/logo250x250.jpg\",\"contentUrl\":\"https:\\\/\\\/modulbake.hu\\\/wp-content\\\/uploads\\\/2019\\\/08\\\/logo250x250.jpg\",\"width\":250,\"height\":250,\"caption\":\"Modul-Bake Kft. - Keny\u00e9rszeletel\u0151 g\u00e9pek, s\u00fct\u0151ipari \u00e9s cukr\u00e1szipari g\u00e9pek \u00e9s eszk\u00f6z\u00f6k\"},\"image\":{\"@id\":\"https:\\\/\\\/modulbake.hu\\\/#\\\/schema\\\/logo\\\/image\\\/\"},\"sameAs\":[\"http:\\\/\\\/facebook.com\\\/modulbake\",\"https:\\\/\\\/m.youtube.com\\\/@modulbakekft\",\"http:\\\/\\\/linkedin.com\\\/in\\\/modul-bake\",\"https:\\\/\\\/www.instagram.com\\\/modulbake?igsh=MTVmc21sdzdzbWlsdg&utm_source=qr\"]}]}<\/script>\n<!-- \/ Yoast SEO plugin. -->","yoast_head_json":{"title":"Bread grinder for bakeries with interchaneable sieve","description":"Bread grinder machine for bakeries with interchangeable sieves, 2 years of guarantee, stainless steel body, 100 kg \/ hour capacity and competitive price","robots":{"index":"index","follow":"follow","max-snippet":"max-snippet:-1","max-image-preview":"max-image-preview:large","max-video-preview":"max-video-preview:-1"},"canonical":"https:\/\/modulbake.hu\/en\/bread-grinder-machine\/","twitter_misc":{"Est. reading time":"2 minutes"},"schema":{"@context":"https:\/\/schema.org","@graph":[{"@type":"WebPage","@id":"https:\/\/modulbake.hu\/en\/bread-grinder-machine\/","url":"https:\/\/modulbake.hu\/en\/bread-grinder-machine\/","name":"Bread grinder for bakeries with interchaneable sieve","isPartOf":{"@id":"https:\/\/modulbake.hu\/#website"},"primaryImageOfPage":{"@id":"https:\/\/modulbake.hu\/en\/bread-grinder-machine\/#primaryimage"},"image":{"@id":"https:\/\/modulbake.hu\/en\/bread-grinder-machine\/#primaryimage"},"thumbnailUrl":"https:\/\/modulbake.hu\/wp-content\/uploads\/2012\/08\/7U2A1533.jpg","datePublished":"2012-08-29T14:02:18+00:00","dateModified":"2022-12-22T11:01:44+00:00","description":"Bread grinder machine for bakeries with interchangeable sieves, 2 years of guarantee, stainless steel body, 100 kg \/ hour capacity and competitive price","inLanguage":"en-US","potentialAction":[{"@type":"ReadAction","target":["https:\/\/modulbake.hu\/en\/bread-grinder-machine\/"]}]},{"@type":"ImageObject","inLanguage":"en-US","@id":"https:\/\/modulbake.hu\/en\/bread-grinder-machine\/#primaryimage","url":"https:\/\/modulbake.hu\/wp-content\/uploads\/2012\/08\/7U2A1533.jpg","contentUrl":"https:\/\/modulbake.hu\/wp-content\/uploads\/2012\/08\/7U2A1533.jpg","width":1712,"height":3432,"caption":"GRIND100 zsemlemorzsa dar\u00e1l\u00f3 g\u00e9p"},{"@type":"WebSite","@id":"https:\/\/modulbake.hu\/#website","url":"https:\/\/modulbake.hu\/","name":"Modul-Bake Kft. - Keny\u00e9rszeletel\u0151 g\u00e9pek, s\u00fct\u0151ipari \u00e9s cukr\u00e1szipari g\u00e9pek \u00e9s eszk\u00f6z\u00f6k","description":"Keny\u00e9rszeletel\u0151 g\u00e9p, zsemlemorzsa dar\u00e1l\u00f3 g\u00e9p, kemence, forg\u00f3kocsis kemence, dagaszt\u00f3 g\u00e9p, ny\u00fajt\u00f3g\u00e9p, lisztsil\u00f3, kiflisodr\u00f3 g\u00e9p, zsemle oszt\u00f3 g\u00f6mb\u00f6ly\u00edt\u0151 g\u00e9p, s\u00fct\u0151kocsi, s\u00fct\u0151lemez bagett lemez, vet\u0151szerkezet, habver\u0151 kever\u0151 g\u00e9p, lemeztiszt\u00edt\u00f3 g\u00e9p, cukr\u00e1szipari g\u00e9p, s\u00fct\u0151ipari g\u00e9p, keny\u00e9rszeletel\u0151 g\u00e9p k\u00e9s, kiflisodr\u00f3 g\u00e9p filc, kr\u00e9mt\u00f6lt\u0151 g\u00e9p, kr\u00e9mf\u0151z\u0151 g\u00e9p,","publisher":{"@id":"https:\/\/modulbake.hu\/#organization"},"potentialAction":[{"@type":"SearchAction","target":{"@type":"EntryPoint","urlTemplate":"https:\/\/modulbake.hu\/?s={search_term_string}"},"query-input":{"@type":"PropertyValueSpecification","valueRequired":true,"valueName":"search_term_string"}}],"inLanguage":"en-US"},{"@type":"Organization","@id":"https:\/\/modulbake.hu\/#organization","name":"Modul-Bake Kft. - Keny\u00e9rszeletel\u0151 g\u00e9pek, s\u00fct\u0151ipari \u00e9s cukr\u00e1szipari g\u00e9pek \u00e9s eszk\u00f6z\u00f6k","url":"https:\/\/modulbake.hu\/","logo":{"@type":"ImageObject","inLanguage":"en-US","@id":"https:\/\/modulbake.hu\/#\/schema\/logo\/image\/","url":"https:\/\/modulbake.hu\/wp-content\/uploads\/2019\/08\/logo250x250.jpg","contentUrl":"https:\/\/modulbake.hu\/wp-content\/uploads\/2019\/08\/logo250x250.jpg","width":250,"height":250,"caption":"Modul-Bake Kft. - Keny\u00e9rszeletel\u0151 g\u00e9pek, s\u00fct\u0151ipari \u00e9s cukr\u00e1szipari g\u00e9pek \u00e9s eszk\u00f6z\u00f6k"},"image":{"@id":"https:\/\/modulbake.hu\/#\/schema\/logo\/image\/"},"sameAs":["http:\/\/facebook.com\/modulbake","https:\/\/m.youtube.com\/@modulbakekft","http:\/\/linkedin.com\/in\/modul-bake","https:\/\/www.instagram.com\/modulbake?igsh=MTVmc21sdzdzbWlsdg&utm_source=qr"]}]}},"jetpack_sharing_enabled":true,"_links":{"self":[{"href":"https:\/\/modulbake.hu\/en\/wp-json\/wp\/v2\/pages\/3268","targetHints":{"allow":["GET"]}}],"collection":[{"href":"https:\/\/modulbake.hu\/en\/wp-json\/wp\/v2\/pages"}],"about":[{"href":"https:\/\/modulbake.hu\/en\/wp-json\/wp\/v2\/types\/page"}],"author":[{"embeddable":true,"href":"https:\/\/modulbake.hu\/en\/wp-json\/wp\/v2\/users\/4"}],"replies":[{"embeddable":true,"href":"https:\/\/modulbake.hu\/en\/wp-json\/wp\/v2\/comments?post=3268"}],"version-history":[{"count":0,"href":"https:\/\/modulbake.hu\/en\/wp-json\/wp\/v2\/pages\/3268\/revisions"}],"wp:featuredmedia":[{"embeddable":true,"href":"https:\/\/modulbake.hu\/en\/wp-json\/wp\/v2\/media\/6341"}],"wp:attachment":[{"href":"https:\/\/modulbake.hu\/en\/wp-json\/wp\/v2\/media?parent=3268"}],"curies":[{"name":"wp","href":"https:\/\/api.w.org\/{rel}","templated":true}]}}