{"id":3313,"date":"2012-08-16T12:07:00","date_gmt":"2012-08-16T12:07:00","guid":{"rendered":"https:\/\/modulbake.hu\/?page_id=3313"},"modified":"2024-10-06T11:35:45","modified_gmt":"2024-10-06T11:35:45","slug":"contact","status":"publish","type":"page","link":"https:\/\/modulbake.hu\/en\/index\/contact\/","title":{"rendered":"Contact"},"content":{"rendered":"<section class=\"l-section wpb_row height_medium\"><div class=\"l-section-h i-cf\"><div class=\"g-cols vc_row via_flex valign_top type_default stacking_default\"><div class=\"vc_col-sm-4 wpb_column vc_column_container\"><div class=\"vc_column-inner\"><div class=\"wpb_wrapper\"><div class=\"wpb_text_column\"><div class=\"wpb_wrapper\"><h3>Keep updated, sign up to our facebook site.<\/h3>\n<\/div><\/div><div class=\"w-socials color_text shape_rounded style_outlined hover_fade\" style=\"--gap:0.1em;\"><div class=\"w-socials-list\"><div class=\"w-socials-item facebook\"><a target=\"_blank\" rel=\"nofollow\" href=\"http:\/\/facebook.com\/modulbake\" class=\"w-socials-item-link\" aria-label=\"Facebook\"><span class=\"w-socials-item-link-hover\"><\/span><i class=\"fab fa-facebook\"><\/i><\/a><div class=\"w-socials-item-popup\"><span>Facebook<\/span><\/div><\/div><div class=\"w-socials-item google\"><a target=\"_blank\" rel=\"nofollow\" href=\"https:\/\/plus.google.com\/113864967181625925396\/about\" class=\"w-socials-item-link\" aria-label=\"Google\"><span class=\"w-socials-item-link-hover\"><\/span><i class=\"fab fa-google\"><\/i><\/a><div class=\"w-socials-item-popup\"><span>Google<\/span><\/div><\/div><div class=\"w-socials-item youtube\"><a target=\"_blank\" rel=\"nofollow\" href=\"https:\/\/www.youtube.com\/user\/modulbakekft\" class=\"w-socials-item-link\" aria-label=\"YouTube\"><span class=\"w-socials-item-link-hover\"><\/span><i class=\"fab fa-youtube\"><\/i><\/a><div class=\"w-socials-item-popup\"><span>YouTube<\/span><\/div><\/div><\/div><\/div><div class=\"w-separator size_medium\"><\/div><div class=\"wpb_text_column\"><div class=\"wpb_wrapper\"><h3>Contacts<\/h3>\n<\/div><\/div><div class=\"w-contacts\"><div class=\"w-contacts-list\"><div class=\"w-contacts-item for_address\"><span class=\"w-contacts-item-value\">Hungary - 1239 Budapest, D\u00e9l 2.Open: 8-16h on weekdays<\/span><\/div><div class=\"w-contacts-item for_phone\"><span class=\"w-contacts-item-value\">+36703197212<\/span><\/div><div class=\"w-contacts-item for_email\"><span class=\"w-contacts-item-value\"><a href=\"mailto:janos.szabo@modulbake.hu\">janos.szabo@modulbake.hu<\/a><\/span><\/div><\/div><\/div><\/div><\/div><\/div><div class=\"vc_col-sm-8 wpb_column vc_column_container\"><div class=\"vc_column-inner\"><div class=\"wpb_wrapper\"><div class=\"wpb_text_column\"><div class=\"wpb_wrapper\"><h3>If you need any information or an offer, please send us a message<\/h3>\n<p>Please send us a message here below by filling these fields. Our colleague will contact you soon.<\/p>\n<\/div><\/div><form class=\"w-form  us-field-style_1 layout_ver show_message_after_sending for_cform us_form_1\" action=\"https:\/\/modulbake.hu\/en\/wp-json\/wp\/v2\/pages\/3313\" method=\"post\"><div class=\"w-form-h\"><div class=\"w-form-row for_text required\">\r\n\t\t<div class=\"w-form-row-field\">\r\n\t\t\t\t\t\t<input aria-label=\"Name\" type=\"text\" name=\"us_form_1_text_1\" value placeholder=\"Name *\" data-required=\"true\" aria-required=\"true\"\/>\r\n\t\t\t<\/div>\r\n\t\t<div class=\"w-form-row-state\">Fill out this field<\/div>\r\n<\/div>\r\n<div class=\"w-form-row for_text required\">\r\n\t\t<div class=\"w-form-row-field\">\r\n\t\t\t\t\t\t<input aria-label=\"Phone number\" type=\"text\" name=\"us_form_1_text_2\" value placeholder=\"Phone number *\" data-required=\"true\" aria-required=\"true\"\/>\r\n\t\t\t<\/div>\r\n\t\t<div class=\"w-form-row-state\">Fill out this field<\/div>\r\n<\/div>\r\n<div class=\"w-form-row for_text required\">\r\n\t\t<div class=\"w-form-row-field\">\r\n\t\t\t\t\t\t<input aria-label=\"Company name\" type=\"text\" name=\"us_form_1_text_3\" value placeholder=\"Company name *\" data-required=\"true\" aria-required=\"true\"\/>\r\n\t\t\t<\/div>\r\n\t\t<div class=\"w-form-row-state\">Fill out this field<\/div>\r\n<\/div>\r\n<div class=\"w-form-row for_email required\">\r\n\t\t<div class=\"w-form-row-field\">\r\n\t\t\t\t\t\t<input aria-label=\"e-mail \" type=\"email\" name=\"us_form_1_email_1\" value placeholder=\"e-mail  *\" data-required=\"true\" aria-required=\"true\"\/>\r\n\t\t\t<\/div>\r\n\t\t<div class=\"w-form-row-state\">Please enter a valid email address.<\/div>\r\n<\/div>\r\n<div class=\"w-form-row for_textarea required\">\r\n\t\t<div class=\"w-form-row-field\">\r\n\t\t\t\t\t\t<textarea aria-label=\"Message\" name=\"us_form_1_textarea_1\" placeholder=\"Message *\" data-required=\"true\" aria-required=\"true\"><\/textarea>\r\n\t\t\t<\/div>\r\n\t\t<div class=\"w-form-row-state\">Fill out this field<\/div>\r\n<\/div>\r\n<div class=\"w-form-row for_agreement required\">\r\n\t\t<div class=\"w-form-row-field\">\r\n\t\t\t\t<label>\r\n\t\t\t<input type=\"checkbox\" value=\"1\" data-required=\"true\" aria-required=\"true\" name=\"us_form_1_agreement_1\"\/>\r\n\t\t\t<span>By checking this box, I agree that I will send my personal data for Modul-Bake Ltd. to be able to contact me. Receiver will keep all personal data permanently only to be able to contact the sender. After all data will be deleted instantly.<\/span>\r\n\t\t<\/label>\r\n\t\t\t<\/div>\r\n\t\t\t<div class=\"w-form-row-description\">\r\n\t\t\tAccept\t\t<\/div>\r\n\t\t<div class=\"w-form-row-state\">You need to agree with the terms to proceed<\/div>\r\n<\/div>\r\n<div class=\"w-form-row for_captcha required\">\r\n\t<div class=\"w-form-row-label\">\r\n\t\t<span> <span>30 - 11 = ?<\/span><\/span>\r\n\t<\/div>\r\n\t<div class=\"w-form-row-field\">\r\n\t\t\t\t<input type=\"hidden\" name=\"us_form_1_captcha_1_hash\" value=\"ee83aea2c40c463928f2ce3bb76f5950\" \/>\r\n\t\t\t\t<input aria-label=\"us_form_1_captcha_1\" type=\"text\" name=\"us_form_1_captcha_1\" placeholder data-required=\"true\" aria-required=\"true\"\/>\r\n\t\t\t<\/div>\r\n\t\t<div class=\"w-form-row-state\">Enter the equation result to proceed<\/div>\r\n<\/div>\r\n<input type=\"hidden\" name=\"action\" value=\"us_ajax_cform\" \/>\r\n<input type=\"hidden\" name=\"post_id\" value=\"0\" \/>\r\n<input type=\"hidden\" name=\"form_index\" value=\"1\" \/>\r\n<div class=\"w-form-row for_submit align_none\"><button class=\"w-btn us-btn-style_1\" type=\"submit\" aria-label=\"Submit\"><span class=\"g-preloader type_1\"><\/span><span class=\"w-btn-label\">Submit<\/span><\/button><\/div><\/div><div class=\"w-form-message\"><\/div><div class=\"w-form-json hidden\" onclick='return {&quot;ajaxurl&quot;:&quot;https:\\\/\\\/modulbake.hu\\\/wp-admin\\\/admin-ajax.php&quot;,&quot;messages&quot;:{&quot;err_empty&quot;:&quot;Fill out this field&quot;,&quot;err_size&quot;:&quot;File size cannot exceed %s MB&quot;,&quot;err_extension&quot;:&quot;%s file type is not allowed&quot;,&quot;err_recaptcha_keys&quot;:&quot;reCAPTCHA keys are incorrect&quot;}}'><\/div><\/form><\/div><\/div><\/div><\/div><\/div><\/section><section class=\"l-section wpb_row height_small color_primary\"><div class=\"l-section-h i-cf\"><div class=\"g-cols vc_row via_flex valign_top type_default stacking_default\"><div class=\"vc_col-sm-12 wpb_column vc_column_container\"><div class=\"vc_column-inner\"><div class=\"wpb_wrapper\"><\/div><\/div><\/div><\/div><\/div><\/section>\n","protected":false},"excerpt":{"rendered":"Keep updated, sign up to our facebook site. FacebookGoogleYouTubeContacts Hungary - 1239 Budapest, D\u00e9l 2.Open: 8-16h on weekdays+36703197212janos.szabo@modulbake.huIf you need any information or an offer, please send us a message Please send us a message here below by filling these fields. Our colleague will contact you soon. Fill out this field Fill out this field...","protected":false},"author":4,"featured_media":0,"parent":2751,"menu_order":0,"comment_status":"closed","ping_status":"closed","template":"","meta":{"footnotes":""},"class_list":["post-3313","page","type-page","status-publish","hentry"],"yoast_head":"<!-- This site is optimized with the Yoast SEO plugin v27.4 - https:\/\/yoast.com\/product\/yoast-seo-wordpress\/ -->\n<title>Contact - Modul-Bake Kft. - Keny\u00e9rszeletel\u0151 g\u00e9pek, s\u00fct\u0151ipari \u00e9s cukr\u00e1szipari g\u00e9pek \u00e9s eszk\u00f6z\u00f6k<\/title>\n<meta name=\"robots\" content=\"index, follow, max-snippet:-1, max-image-preview:large, max-video-preview:-1\" \/>\n<link rel=\"canonical\" href=\"https:\/\/modulbake.hu\/en\/index\/contact\/\" \/>\n<meta name=\"twitter:label1\" content=\"Est. reading time\" \/>\n\t<meta name=\"twitter:data1\" content=\"1 minute\" \/>\n<script type=\"application\/ld+json\" class=\"yoast-schema-graph\">{\"@context\":\"https:\\\/\\\/schema.org\",\"@graph\":[{\"@type\":\"WebPage\",\"@id\":\"https:\\\/\\\/modulbake.hu\\\/en\\\/index\\\/contact\\\/\",\"url\":\"https:\\\/\\\/modulbake.hu\\\/en\\\/index\\\/contact\\\/\",\"name\":\"Contact - Modul-Bake Kft. - Keny\u00e9rszeletel\u0151 g\u00e9pek, s\u00fct\u0151ipari \u00e9s cukr\u00e1szipari g\u00e9pek \u00e9s eszk\u00f6z\u00f6k\",\"isPartOf\":{\"@id\":\"https:\\\/\\\/modulbake.hu\\\/#website\"},\"datePublished\":\"2012-08-16T12:07:00+00:00\",\"dateModified\":\"2024-10-06T11:35:45+00:00\",\"breadcrumb\":{\"@id\":\"https:\\\/\\\/modulbake.hu\\\/en\\\/index\\\/contact\\\/#breadcrumb\"},\"inLanguage\":\"en-US\",\"potentialAction\":[{\"@type\":\"ReadAction\",\"target\":[\"https:\\\/\\\/modulbake.hu\\\/en\\\/index\\\/contact\\\/\"]}]},{\"@type\":\"BreadcrumbList\",\"@id\":\"https:\\\/\\\/modulbake.hu\\\/en\\\/index\\\/contact\\\/#breadcrumb\",\"itemListElement\":[{\"@type\":\"ListItem\",\"position\":1,\"name\":\"Bread slicers, baking ovens, tray cleaners and bread grinders\",\"item\":\"https:\\\/\\\/modulbake.hu\\\/en\\\/\"},{\"@type\":\"ListItem\",\"position\":2,\"name\":\"Contact\"}]},{\"@type\":\"WebSite\",\"@id\":\"https:\\\/\\\/modulbake.hu\\\/#website\",\"url\":\"https:\\\/\\\/modulbake.hu\\\/\",\"name\":\"Modul-Bake Kft. - Keny\u00e9rszeletel\u0151 g\u00e9pek, s\u00fct\u0151ipari \u00e9s cukr\u00e1szipari g\u00e9pek \u00e9s eszk\u00f6z\u00f6k\",\"description\":\"Keny\u00e9rszeletel\u0151 g\u00e9p, zsemlemorzsa dar\u00e1l\u00f3 g\u00e9p, kemence, forg\u00f3kocsis kemence, dagaszt\u00f3 g\u00e9p, ny\u00fajt\u00f3g\u00e9p, lisztsil\u00f3, kiflisodr\u00f3 g\u00e9p, zsemle oszt\u00f3 g\u00f6mb\u00f6ly\u00edt\u0151 g\u00e9p, s\u00fct\u0151kocsi, s\u00fct\u0151lemez bagett lemez, vet\u0151szerkezet, habver\u0151 kever\u0151 g\u00e9p, lemeztiszt\u00edt\u00f3 g\u00e9p, cukr\u00e1szipari g\u00e9p, s\u00fct\u0151ipari g\u00e9p, keny\u00e9rszeletel\u0151 g\u00e9p k\u00e9s, kiflisodr\u00f3 g\u00e9p filc, kr\u00e9mt\u00f6lt\u0151 g\u00e9p, kr\u00e9mf\u0151z\u0151 g\u00e9p,\",\"publisher\":{\"@id\":\"https:\\\/\\\/modulbake.hu\\\/#organization\"},\"potentialAction\":[{\"@type\":\"SearchAction\",\"target\":{\"@type\":\"EntryPoint\",\"urlTemplate\":\"https:\\\/\\\/modulbake.hu\\\/?s={search_term_string}\"},\"query-input\":{\"@type\":\"PropertyValueSpecification\",\"valueRequired\":true,\"valueName\":\"search_term_string\"}}],\"inLanguage\":\"en-US\"},{\"@type\":\"Organization\",\"@id\":\"https:\\\/\\\/modulbake.hu\\\/#organization\",\"name\":\"Modul-Bake Kft. - Keny\u00e9rszeletel\u0151 g\u00e9pek, s\u00fct\u0151ipari \u00e9s cukr\u00e1szipari g\u00e9pek \u00e9s eszk\u00f6z\u00f6k\",\"url\":\"https:\\\/\\\/modulbake.hu\\\/\",\"logo\":{\"@type\":\"ImageObject\",\"inLanguage\":\"en-US\",\"@id\":\"https:\\\/\\\/modulbake.hu\\\/#\\\/schema\\\/logo\\\/image\\\/\",\"url\":\"https:\\\/\\\/modulbake.hu\\\/wp-content\\\/uploads\\\/2019\\\/08\\\/logo250x250.jpg\",\"contentUrl\":\"https:\\\/\\\/modulbake.hu\\\/wp-content\\\/uploads\\\/2019\\\/08\\\/logo250x250.jpg\",\"width\":250,\"height\":250,\"caption\":\"Modul-Bake Kft. - Keny\u00e9rszeletel\u0151 g\u00e9pek, s\u00fct\u0151ipari \u00e9s cukr\u00e1szipari g\u00e9pek \u00e9s eszk\u00f6z\u00f6k\"},\"image\":{\"@id\":\"https:\\\/\\\/modulbake.hu\\\/#\\\/schema\\\/logo\\\/image\\\/\"},\"sameAs\":[\"http:\\\/\\\/facebook.com\\\/modulbake\",\"https:\\\/\\\/m.youtube.com\\\/@modulbakekft\",\"http:\\\/\\\/linkedin.com\\\/in\\\/modul-bake\",\"https:\\\/\\\/www.instagram.com\\\/modulbake?igsh=MTVmc21sdzdzbWlsdg&utm_source=qr\"]}]}<\/script>\n<!-- \/ Yoast SEO plugin. -->","yoast_head_json":{"title":"Contact - Modul-Bake Kft. - Keny\u00e9rszeletel\u0151 g\u00e9pek, s\u00fct\u0151ipari \u00e9s cukr\u00e1szipari g\u00e9pek \u00e9s eszk\u00f6z\u00f6k","robots":{"index":"index","follow":"follow","max-snippet":"max-snippet:-1","max-image-preview":"max-image-preview:large","max-video-preview":"max-video-preview:-1"},"canonical":"https:\/\/modulbake.hu\/en\/index\/contact\/","twitter_misc":{"Est. reading time":"1 minute"},"schema":{"@context":"https:\/\/schema.org","@graph":[{"@type":"WebPage","@id":"https:\/\/modulbake.hu\/en\/index\/contact\/","url":"https:\/\/modulbake.hu\/en\/index\/contact\/","name":"Contact - Modul-Bake Kft. - Keny\u00e9rszeletel\u0151 g\u00e9pek, s\u00fct\u0151ipari \u00e9s cukr\u00e1szipari g\u00e9pek \u00e9s eszk\u00f6z\u00f6k","isPartOf":{"@id":"https:\/\/modulbake.hu\/#website"},"datePublished":"2012-08-16T12:07:00+00:00","dateModified":"2024-10-06T11:35:45+00:00","breadcrumb":{"@id":"https:\/\/modulbake.hu\/en\/index\/contact\/#breadcrumb"},"inLanguage":"en-US","potentialAction":[{"@type":"ReadAction","target":["https:\/\/modulbake.hu\/en\/index\/contact\/"]}]},{"@type":"BreadcrumbList","@id":"https:\/\/modulbake.hu\/en\/index\/contact\/#breadcrumb","itemListElement":[{"@type":"ListItem","position":1,"name":"Bread slicers, baking ovens, tray cleaners and bread grinders","item":"https:\/\/modulbake.hu\/en\/"},{"@type":"ListItem","position":2,"name":"Contact"}]},{"@type":"WebSite","@id":"https:\/\/modulbake.hu\/#website","url":"https:\/\/modulbake.hu\/","name":"Modul-Bake Kft. - Keny\u00e9rszeletel\u0151 g\u00e9pek, s\u00fct\u0151ipari \u00e9s cukr\u00e1szipari g\u00e9pek \u00e9s eszk\u00f6z\u00f6k","description":"Keny\u00e9rszeletel\u0151 g\u00e9p, zsemlemorzsa dar\u00e1l\u00f3 g\u00e9p, kemence, forg\u00f3kocsis kemence, dagaszt\u00f3 g\u00e9p, ny\u00fajt\u00f3g\u00e9p, lisztsil\u00f3, kiflisodr\u00f3 g\u00e9p, zsemle oszt\u00f3 g\u00f6mb\u00f6ly\u00edt\u0151 g\u00e9p, s\u00fct\u0151kocsi, s\u00fct\u0151lemez bagett lemez, vet\u0151szerkezet, habver\u0151 kever\u0151 g\u00e9p, lemeztiszt\u00edt\u00f3 g\u00e9p, cukr\u00e1szipari g\u00e9p, s\u00fct\u0151ipari g\u00e9p, keny\u00e9rszeletel\u0151 g\u00e9p k\u00e9s, kiflisodr\u00f3 g\u00e9p filc, kr\u00e9mt\u00f6lt\u0151 g\u00e9p, kr\u00e9mf\u0151z\u0151 g\u00e9p,","publisher":{"@id":"https:\/\/modulbake.hu\/#organization"},"potentialAction":[{"@type":"SearchAction","target":{"@type":"EntryPoint","urlTemplate":"https:\/\/modulbake.hu\/?s={search_term_string}"},"query-input":{"@type":"PropertyValueSpecification","valueRequired":true,"valueName":"search_term_string"}}],"inLanguage":"en-US"},{"@type":"Organization","@id":"https:\/\/modulbake.hu\/#organization","name":"Modul-Bake Kft. - Keny\u00e9rszeletel\u0151 g\u00e9pek, s\u00fct\u0151ipari \u00e9s cukr\u00e1szipari g\u00e9pek \u00e9s eszk\u00f6z\u00f6k","url":"https:\/\/modulbake.hu\/","logo":{"@type":"ImageObject","inLanguage":"en-US","@id":"https:\/\/modulbake.hu\/#\/schema\/logo\/image\/","url":"https:\/\/modulbake.hu\/wp-content\/uploads\/2019\/08\/logo250x250.jpg","contentUrl":"https:\/\/modulbake.hu\/wp-content\/uploads\/2019\/08\/logo250x250.jpg","width":250,"height":250,"caption":"Modul-Bake Kft. - Keny\u00e9rszeletel\u0151 g\u00e9pek, s\u00fct\u0151ipari \u00e9s cukr\u00e1szipari g\u00e9pek \u00e9s eszk\u00f6z\u00f6k"},"image":{"@id":"https:\/\/modulbake.hu\/#\/schema\/logo\/image\/"},"sameAs":["http:\/\/facebook.com\/modulbake","https:\/\/m.youtube.com\/@modulbakekft","http:\/\/linkedin.com\/in\/modul-bake","https:\/\/www.instagram.com\/modulbake?igsh=MTVmc21sdzdzbWlsdg&utm_source=qr"]}]}},"jetpack_sharing_enabled":true,"_links":{"self":[{"href":"https:\/\/modulbake.hu\/en\/wp-json\/wp\/v2\/pages\/3313","targetHints":{"allow":["GET"]}}],"collection":[{"href":"https:\/\/modulbake.hu\/en\/wp-json\/wp\/v2\/pages"}],"about":[{"href":"https:\/\/modulbake.hu\/en\/wp-json\/wp\/v2\/types\/page"}],"author":[{"embeddable":true,"href":"https:\/\/modulbake.hu\/en\/wp-json\/wp\/v2\/users\/4"}],"replies":[{"embeddable":true,"href":"https:\/\/modulbake.hu\/en\/wp-json\/wp\/v2\/comments?post=3313"}],"version-history":[{"count":0,"href":"https:\/\/modulbake.hu\/en\/wp-json\/wp\/v2\/pages\/3313\/revisions"}],"up":[{"embeddable":true,"href":"https:\/\/modulbake.hu\/en\/wp-json\/wp\/v2\/pages\/2751"}],"wp:attachment":[{"href":"https:\/\/modulbake.hu\/en\/wp-json\/wp\/v2\/media?parent=3313"}],"curies":[{"name":"wp","href":"https:\/\/api.w.org\/{rel}","templated":true}]}}