{"id":8344,"date":"2017-09-12T07:41:06","date_gmt":"2017-09-12T07:41:06","guid":{"rendered":"https:\/\/modulbake.hu\/?page_id=8344\/"},"modified":"2019-03-04T21:13:12","modified_gmt":"2019-03-04T21:13:12","slug":"cnc-laser-cutting-bending","status":"publish","type":"page","link":"https:\/\/modulbake.hu\/en\/cnc-laser-cutting-bending\/","title":{"rendered":"CNC laser cutting and bending"},"content":{"rendered":"<section class=\"l-section wpb_row height_small\"><div class=\"l-section-h i-cf\"><div class=\"g-cols vc_row via_flex valign_top type_default stacking_default\"><div class=\"vc_col-sm-12 wpb_column vc_column_container\"><div class=\"vc_column-inner\"><div class=\"wpb_wrapper\"><div class=\"wpb_text_column\"><div class=\"wpb_wrapper\"><h1>CNC laser cutting and bending<\/h1>\n<\/div><\/div><\/div><\/div><\/div><\/div><\/div><\/section><section class=\"l-section wpb_row height_small\"><div class=\"l-section-h i-cf\"><div class=\"g-cols vc_row via_flex valign_top type_default stacking_default\"><div class=\"vc_col-sm-12 wpb_column vc_column_container\"><div class=\"vc_column-inner\"><div class=\"wpb_wrapper\"><div class=\"wpb_text_column\"><div class=\"wpb_wrapper\"><p style=\"text-align: justify;\">Our company offers cnc laser cutting and cnc bending of sheet metal parts at competitive prices and short delivery with fiber laser cutting machine. Fiber laser cutting technology offers better cutting result with lower energy consuption for thin metal sheets from 1 mm to 10-12 mm thickness. We are in connection with the biggest local sheet metal manufacturers and and distributors and we keep some on stock some of the most common sheet sizes. Prototype cutting is also possible up on request.<\/p>\n<p>For offer please send us dxf or dwg (CAD) files.<br \/>\nWe can accept complete sheet cutting orders.<\/p>\n<p>Possible cutting thickness<\/p>\n<p>&nbsp;<\/p>\n<ul>\n<li>Carbon steel: 1-12 mm<\/li>\n<li>Stainless steel: 1-8 mm<\/li>\n<\/ul>\n<\/div><\/div><\/div><\/div><\/div><\/div><\/div><\/section><section class=\"l-section wpb_row height_medium\"><div class=\"l-section-h i-cf\"><div class=\"g-cols vc_row via_flex valign_top type_default stacking_default\"><div class=\"vc_col-sm-6 wpb_column vc_column_container\"><div class=\"vc_column-inner\"><div class=\"wpb_wrapper\"><div class=\"w-iconbox iconpos_left style_default color_primary align_left\"><div class=\"w-iconbox-icon\" style=\"font-size:2rem;\"><i class=\"fas fa-tags\"><\/i><\/div><div class=\"w-iconbox-meta\"><h4 class=\"w-iconbox-title\">Laser cutting cost 50-67 EUR \/ hour<\/h4><div class=\"w-iconbox-text\"><p>Price valid for completet sheet cutting, depend on material and thickness<\/p>\n<\/div><\/div><\/div><\/div><\/div><\/div><div class=\"vc_col-sm-6 wpb_column vc_column_container\"><div class=\"vc_column-inner\"><div class=\"wpb_wrapper\"><div class=\"w-iconbox iconpos_left style_default color_primary align_left\"><div class=\"w-iconbox-icon\" style=\"font-size:2rem;\"><i class=\"far fa-address-card\"><\/i><\/div><div class=\"w-iconbox-meta\"><h4 class=\"w-iconbox-title\">Offer and infomration (in English):<\/h4><div class=\"w-iconbox-text\"><p>Phone: +36 70 319 72 12<br \/>\ne-mail: janos.szabo@modulbake.hu<\/p>\n<\/div><\/div><\/div><\/div><\/div><\/div><\/div><\/div><\/section><section class=\"l-section wpb_row height_small\"><div class=\"l-section-h i-cf\"><div class=\"g-cols vc_row via_flex valign_top type_default stacking_default\"><div class=\"vc_col-sm-12 wpb_column vc_column_container\"><div class=\"vc_column-inner\"><div class=\"wpb_wrapper\"><div class=\"w-grid us_grid type_grid layout_gallery_default cols_9 preload_style_spinner\" id=\"us_grid_1\" style=\"--columns:9;--gap:4px;\" data-filterable=\"true\"><style>@media (max-width:767px){#us_grid_1{--columns:4!important}}@media (max-width:479px){#us_grid_1{--columns:3!important}}.layout_gallery_default .w-grid-item-h{}<\/style><div class=\"w-grid-list\">\t<article class=\"w-grid-item size_1x1 post-9761 attachment type-attachment status-inherit hentry\" data-id=\"9761\">\r\n\t\t<div class=\"w-grid-item-h\">\r\n\t\t\t\t\t\t\t<a ref=\"magnificPopupGrid\" href=\"https:\/\/modulbake.hu\/wp-content\/uploads\/2017\/08\/IMG_0770.jpg\" class=\"w-grid-item-anchor\" aria-label=\"ST37 4 mm\"><\/a>\r\n\t\t\t\t\t\t<div class=\"w-post-elm post_image usg_post_image_1 stretched\"><img decoding=\"async\" width=\"150\" height=\"150\" src=\"https:\/\/modulbake.hu\/wp-content\/uploads\/2017\/08\/IMG_0770-150x150.jpg\" class=\"attachment-thumbnail size-thumbnail\" alt=\"\" srcset=\"https:\/\/modulbake.hu\/wp-content\/uploads\/2017\/08\/IMG_0770-150x150.jpg 150w, https:\/\/modulbake.hu\/wp-content\/uploads\/2017\/08\/IMG_0770-600x600.jpg 600w, https:\/\/modulbake.hu\/wp-content\/uploads\/2017\/08\/IMG_0770-350x350.jpg 350w\" sizes=\"(max-width: 150px) 100vw, 150px\" \/><\/div>\t\t<\/div>\r\n\t\t\t<\/article>\r\n\t<article class=\"w-grid-item size_1x1 post-9762 attachment type-attachment status-inherit hentry\" data-id=\"9762\">\r\n\t\t<div class=\"w-grid-item-h\">\r\n\t\t\t\t\t\t\t<a ref=\"magnificPopupGrid\" href=\"https:\/\/modulbake.hu\/wp-content\/uploads\/2017\/08\/IMG_0771.jpg\" class=\"w-grid-item-anchor\" aria-label=\"ST37 4 mm\"><\/a>\r\n\t\t\t\t\t\t<div class=\"w-post-elm post_image usg_post_image_1 stretched\"><img decoding=\"async\" width=\"150\" height=\"150\" src=\"https:\/\/modulbake.hu\/wp-content\/uploads\/2017\/08\/IMG_0771-150x150.jpg\" class=\"attachment-thumbnail size-thumbnail\" alt=\"\" srcset=\"https:\/\/modulbake.hu\/wp-content\/uploads\/2017\/08\/IMG_0771-150x150.jpg 150w, https:\/\/modulbake.hu\/wp-content\/uploads\/2017\/08\/IMG_0771-600x600.jpg 600w, https:\/\/modulbake.hu\/wp-content\/uploads\/2017\/08\/IMG_0771-350x350.jpg 350w\" sizes=\"(max-width: 150px) 100vw, 150px\" \/><\/div>\t\t<\/div>\r\n\t\t\t<\/article>\r\n\t<article class=\"w-grid-item size_1x1 post-9763 attachment type-attachment status-inherit hentry\" data-id=\"9763\">\r\n\t\t<div class=\"w-grid-item-h\">\r\n\t\t\t\t\t\t\t<a ref=\"magnificPopupGrid\" href=\"https:\/\/modulbake.hu\/wp-content\/uploads\/2017\/08\/IMG_0772.jpg\" class=\"w-grid-item-anchor\" aria-label=\"ST37 4 mm\"><\/a>\r\n\t\t\t\t\t\t<div class=\"w-post-elm post_image usg_post_image_1 stretched\"><img decoding=\"async\" width=\"150\" height=\"150\" src=\"https:\/\/modulbake.hu\/wp-content\/uploads\/2017\/08\/IMG_0772-150x150.jpg\" class=\"attachment-thumbnail size-thumbnail\" alt=\"\" srcset=\"https:\/\/modulbake.hu\/wp-content\/uploads\/2017\/08\/IMG_0772-150x150.jpg 150w, https:\/\/modulbake.hu\/wp-content\/uploads\/2017\/08\/IMG_0772-600x600.jpg 600w, https:\/\/modulbake.hu\/wp-content\/uploads\/2017\/08\/IMG_0772-350x350.jpg 350w\" sizes=\"(max-width: 150px) 100vw, 150px\" \/><\/div>\t\t<\/div>\r\n\t\t\t<\/article>\r\n\t<article class=\"w-grid-item size_1x1 post-9764 attachment type-attachment status-inherit hentry\" data-id=\"9764\">\r\n\t\t<div class=\"w-grid-item-h\">\r\n\t\t\t\t\t\t\t<a ref=\"magnificPopupGrid\" href=\"https:\/\/modulbake.hu\/wp-content\/uploads\/2017\/08\/IMG_0773.jpg\" class=\"w-grid-item-anchor\" aria-label=\"ST37 4 mm\"><\/a>\r\n\t\t\t\t\t\t<div class=\"w-post-elm post_image usg_post_image_1 stretched\"><img decoding=\"async\" width=\"150\" height=\"150\" src=\"https:\/\/modulbake.hu\/wp-content\/uploads\/2017\/08\/IMG_0773-150x150.jpg\" class=\"attachment-thumbnail size-thumbnail\" alt=\"\" srcset=\"https:\/\/modulbake.hu\/wp-content\/uploads\/2017\/08\/IMG_0773-150x150.jpg 150w, https:\/\/modulbake.hu\/wp-content\/uploads\/2017\/08\/IMG_0773-600x600.jpg 600w, https:\/\/modulbake.hu\/wp-content\/uploads\/2017\/08\/IMG_0773-350x350.jpg 350w\" sizes=\"(max-width: 150px) 100vw, 150px\" \/><\/div>\t\t<\/div>\r\n\t\t\t<\/article>\r\n\t<article class=\"w-grid-item size_1x1 post-9765 attachment type-attachment status-inherit hentry\" data-id=\"9765\">\r\n\t\t<div class=\"w-grid-item-h\">\r\n\t\t\t\t\t\t\t<a ref=\"magnificPopupGrid\" href=\"https:\/\/modulbake.hu\/wp-content\/uploads\/2017\/08\/IMG_0774.jpg\" class=\"w-grid-item-anchor\" aria-label=\"1.4016 SB 1,5 mm oxig\u00e9nnel v\u00e1gva\"><\/a>\r\n\t\t\t\t\t\t<div class=\"w-post-elm post_image usg_post_image_1 stretched\"><img decoding=\"async\" width=\"150\" height=\"150\" src=\"https:\/\/modulbake.hu\/wp-content\/uploads\/2017\/08\/IMG_0774-150x150.jpg\" class=\"attachment-thumbnail size-thumbnail\" alt=\"\" srcset=\"https:\/\/modulbake.hu\/wp-content\/uploads\/2017\/08\/IMG_0774-150x150.jpg 150w, https:\/\/modulbake.hu\/wp-content\/uploads\/2017\/08\/IMG_0774-600x600.jpg 600w, https:\/\/modulbake.hu\/wp-content\/uploads\/2017\/08\/IMG_0774-350x350.jpg 350w\" sizes=\"(max-width: 150px) 100vw, 150px\" \/><\/div>\t\t<\/div>\r\n\t\t\t<\/article>\r\n\t<article class=\"w-grid-item size_1x1 post-9766 attachment type-attachment status-inherit hentry\" data-id=\"9766\">\r\n\t\t<div class=\"w-grid-item-h\">\r\n\t\t\t\t\t\t\t<a ref=\"magnificPopupGrid\" href=\"https:\/\/modulbake.hu\/wp-content\/uploads\/2017\/08\/IMG_0775.jpg\" class=\"w-grid-item-anchor\" aria-label=\"1.4016 SB 1,5 mm oxig\u00e9nnel v\u00e1gva\"><\/a>\r\n\t\t\t\t\t\t<div class=\"w-post-elm post_image usg_post_image_1 stretched\"><img decoding=\"async\" width=\"150\" height=\"150\" src=\"https:\/\/modulbake.hu\/wp-content\/uploads\/2017\/08\/IMG_0775-150x150.jpg\" class=\"attachment-thumbnail size-thumbnail\" alt=\"\" srcset=\"https:\/\/modulbake.hu\/wp-content\/uploads\/2017\/08\/IMG_0775-150x150.jpg 150w, https:\/\/modulbake.hu\/wp-content\/uploads\/2017\/08\/IMG_0775-600x600.jpg 600w, https:\/\/modulbake.hu\/wp-content\/uploads\/2017\/08\/IMG_0775-350x350.jpg 350w\" sizes=\"(max-width: 150px) 100vw, 150px\" \/><\/div>\t\t<\/div>\r\n\t\t\t<\/article>\r\n\t<article class=\"w-grid-item size_1x1 post-9767 attachment type-attachment status-inherit hentry\" data-id=\"9767\">\r\n\t\t<div class=\"w-grid-item-h\">\r\n\t\t\t\t\t\t\t<a ref=\"magnificPopupGrid\" href=\"https:\/\/modulbake.hu\/wp-content\/uploads\/2017\/08\/IMG_0776.jpg\" class=\"w-grid-item-anchor\" aria-label=\"1.4016 SB 2 mm oxig\u00e9nnel v\u00e1gva\"><\/a>\r\n\t\t\t\t\t\t<div class=\"w-post-elm post_image usg_post_image_1 stretched\"><img decoding=\"async\" width=\"150\" height=\"150\" src=\"https:\/\/modulbake.hu\/wp-content\/uploads\/2017\/08\/IMG_0776-150x150.jpg\" class=\"attachment-thumbnail size-thumbnail\" alt=\"\" srcset=\"https:\/\/modulbake.hu\/wp-content\/uploads\/2017\/08\/IMG_0776-150x150.jpg 150w, https:\/\/modulbake.hu\/wp-content\/uploads\/2017\/08\/IMG_0776-600x600.jpg 600w, https:\/\/modulbake.hu\/wp-content\/uploads\/2017\/08\/IMG_0776-350x350.jpg 350w\" sizes=\"(max-width: 150px) 100vw, 150px\" \/><\/div>\t\t<\/div>\r\n\t\t\t<\/article>\r\n\t<article class=\"w-grid-item size_1x1 post-9768 attachment type-attachment status-inherit hentry\" data-id=\"9768\">\r\n\t\t<div class=\"w-grid-item-h\">\r\n\t\t\t\t\t\t\t<a ref=\"magnificPopupGrid\" href=\"https:\/\/modulbake.hu\/wp-content\/uploads\/2017\/08\/IMG_0777.jpg\" class=\"w-grid-item-anchor\" aria-label=\"1.4016 SB 2 mm oxig\u00e9nnel v\u00e1gva\"><\/a>\r\n\t\t\t\t\t\t<div class=\"w-post-elm post_image usg_post_image_1 stretched\"><img decoding=\"async\" width=\"150\" height=\"150\" src=\"https:\/\/modulbake.hu\/wp-content\/uploads\/2017\/08\/IMG_0777-150x150.jpg\" class=\"attachment-thumbnail size-thumbnail\" alt=\"\" srcset=\"https:\/\/modulbake.hu\/wp-content\/uploads\/2017\/08\/IMG_0777-150x150.jpg 150w, https:\/\/modulbake.hu\/wp-content\/uploads\/2017\/08\/IMG_0777-600x600.jpg 600w, https:\/\/modulbake.hu\/wp-content\/uploads\/2017\/08\/IMG_0777-350x350.jpg 350w\" sizes=\"(max-width: 150px) 100vw, 150px\" \/><\/div>\t\t<\/div>\r\n\t\t\t<\/article>\r\n\t<article class=\"w-grid-item size_1x1 post-9769 attachment type-attachment status-inherit hentry\" data-id=\"9769\">\r\n\t\t<div class=\"w-grid-item-h\">\r\n\t\t\t\t\t\t\t<a ref=\"magnificPopupGrid\" href=\"https:\/\/modulbake.hu\/wp-content\/uploads\/2017\/08\/IMG_0778.jpg\" class=\"w-grid-item-anchor\" aria-label=\"1.4016 SB 2 mm oxig\u00e9nnel v\u00e1gva\"><\/a>\r\n\t\t\t\t\t\t<div class=\"w-post-elm post_image usg_post_image_1 stretched\"><img decoding=\"async\" width=\"150\" height=\"150\" src=\"https:\/\/modulbake.hu\/wp-content\/uploads\/2017\/08\/IMG_0778-150x150.jpg\" class=\"attachment-thumbnail size-thumbnail\" alt=\"\" srcset=\"https:\/\/modulbake.hu\/wp-content\/uploads\/2017\/08\/IMG_0778-150x150.jpg 150w, https:\/\/modulbake.hu\/wp-content\/uploads\/2017\/08\/IMG_0778-600x600.jpg 600w, https:\/\/modulbake.hu\/wp-content\/uploads\/2017\/08\/IMG_0778-350x350.jpg 350w\" sizes=\"(max-width: 150px) 100vw, 150px\" \/><\/div>\t\t<\/div>\r\n\t\t\t<\/article>\r\n<\/div>\t<div class=\"w-grid-preloader\">\r\n\t\t<div class=\"g-preloader type_1\">\r\n\t\t\t<div><\/div>\r\n\t\t<\/div>\r\n\t<\/div>\r\n\t\t<div class=\"w-grid-json hidden\" onclick='return {&quot;action&quot;:&quot;us_ajax_grid&quot;,&quot;infinite_scroll&quot;:0,&quot;max_num_pages&quot;:1,&quot;pagination&quot;:&quot;none&quot;,&quot;template_vars&quot;:{&quot;columns&quot;:&quot;9&quot;,&quot;exclude_items&quot;:&quot;none&quot;,&quot;img_size&quot;:&quot;thumbnail&quot;,&quot;ignore_items_size&quot;:0,&quot;items_layout&quot;:&quot;gallery_default&quot;,&quot;items_offset&quot;:&quot;1&quot;,&quot;load_animation&quot;:&quot;none&quot;,&quot;overriding_link&quot;:&quot;%7B%22type%22%3A%22popup_image%22%7D&quot;,&quot;post_id&quot;:0,&quot;query_args&quot;:{&quot;post_type&quot;:[&quot;attachment&quot;],&quot;post__in&quot;:[&quot;8260&quot;,&quot;8261&quot;,&quot;8262&quot;,&quot;8263&quot;,&quot;8264&quot;,&quot;8265&quot;,&quot;8266&quot;,&quot;8267&quot;,&quot;8268&quot;],&quot;post_status&quot;:&quot;inherit&quot;,&quot;post_mime_type&quot;:&quot;image&quot;,&quot;posts_per_page&quot;:999},&quot;orderby_query_args&quot;:{&quot;orderby&quot;:{&quot;post__in&quot;:&quot;ASC&quot;},&quot;order&quot;:&quot;ASC&quot;},&quot;type&quot;:&quot;grid&quot;,&quot;us_grid_post_type&quot;:&quot;attachment&quot;,&quot;us_grid_ajax_index&quot;:1,&quot;us_grid_filter_query_string&quot;:null,&quot;us_grid_index&quot;:1,&quot;page_args&quot;:[],&quot;lang&quot;:&quot;en&quot;}}'><\/div>\r\n\t<\/div><\/div><\/div><\/div><\/div><\/div><\/section><section class=\"l-section wpb_row height_small\"><div class=\"l-section-h i-cf\"><div class=\"g-cols vc_row via_flex valign_top type_default stacking_default\"><div class=\"vc_col-sm-12 wpb_column vc_column_container\"><div class=\"vc_column-inner\"><div class=\"wpb_wrapper\"><div class=\"w-image align_center\"><div class=\"w-image-h\"><img decoding=\"async\" width=\"1024\" height=\"768\" src=\"https:\/\/modulbake.hu\/wp-content\/uploads\/2012\/08\/IMG_3957-1024x768.jpg\" class=\"attachment-large size-large\" alt=\"\" loading=\"lazy\" srcset=\"https:\/\/modulbake.hu\/wp-content\/uploads\/2012\/08\/IMG_3957-1024x768.jpg 1024w, https:\/\/modulbake.hu\/wp-content\/uploads\/2012\/08\/IMG_3957-300x225.jpg 300w, https:\/\/modulbake.hu\/wp-content\/uploads\/2012\/08\/IMG_3957-600x450.jpg 600w, https:\/\/modulbake.hu\/wp-content\/uploads\/2012\/08\/IMG_3957-e1460725723171.jpg 500w\" sizes=\"auto, (max-width: 1024px) 100vw, 1024px\" \/><\/div><\/div><\/div><\/div><\/div><\/div><\/div><\/section><section class=\"l-section wpb_row height_small color_primary\"><div class=\"l-section-h i-cf\"><div class=\"g-cols vc_row via_flex valign_top type_default stacking_default\"><div class=\"vc_col-sm-12 wpb_column vc_column_container\"><div class=\"vc_column-inner\"><div class=\"wpb_wrapper\"><\/div><\/div><\/div><\/div><\/div><\/section>\n","protected":false},"excerpt":{"rendered":"1.4016 SB 2 mm oxig\u00e9nnel v\u00e1gva","protected":false},"author":5,"featured_media":6209,"parent":0,"menu_order":0,"comment_status":"closed","ping_status":"closed","template":"","meta":{"footnotes":""},"class_list":["post-8344","page","type-page","status-publish","has-post-thumbnail","hentry"],"yoast_head":"<!-- This site is optimized with the Yoast SEO plugin v27.6 - https:\/\/yoast.com\/product\/yoast-seo-wordpress\/ -->\n<title>CNC laser cutting with fiber laser cutting machine - competitive prices<\/title>\n<meta name=\"description\" content=\"CNC laser cutting with fiber laser cutting machine on competitive prices and short delivery dates. Carbon steel and stainless steel sheet cutting.\" \/>\n<meta name=\"robots\" content=\"index, follow, max-snippet:-1, max-image-preview:large, max-video-preview:-1\" \/>\n<link rel=\"canonical\" href=\"https:\/\/modulbake.hu\/en\/cnc-laser-cutting-bending\/\" \/>\n<meta name=\"twitter:label1\" content=\"Est. reading time\" \/>\n\t<meta name=\"twitter:data1\" content=\"1 minute\" \/>\n<script type=\"application\/ld+json\" class=\"yoast-schema-graph\">{\"@context\":\"https:\\\/\\\/schema.org\",\"@graph\":[{\"@type\":\"WebPage\",\"@id\":\"https:\\\/\\\/modulbake.hu\\\/en\\\/cnc-laser-cutting-bending\\\/\",\"url\":\"https:\\\/\\\/modulbake.hu\\\/en\\\/cnc-laser-cutting-bending\\\/\",\"name\":\"CNC laser cutting with fiber laser cutting machine - competitive prices\",\"isPartOf\":{\"@id\":\"https:\\\/\\\/modulbake.hu\\\/#website\"},\"primaryImageOfPage\":{\"@id\":\"https:\\\/\\\/modulbake.hu\\\/en\\\/cnc-laser-cutting-bending\\\/#primaryimage\"},\"image\":{\"@id\":\"https:\\\/\\\/modulbake.hu\\\/en\\\/cnc-laser-cutting-bending\\\/#primaryimage\"},\"thumbnailUrl\":\"https:\\\/\\\/modulbake.hu\\\/wp-content\\\/uploads\\\/2012\\\/08\\\/IMG_3957-e1460725723171.jpg\",\"datePublished\":\"2017-09-12T07:41:06+00:00\",\"dateModified\":\"2019-03-04T21:13:12+00:00\",\"description\":\"CNC laser cutting with fiber laser cutting machine on competitive prices and short delivery dates. Carbon steel and stainless steel sheet cutting.\",\"inLanguage\":\"en-US\",\"potentialAction\":[{\"@type\":\"ReadAction\",\"target\":[\"https:\\\/\\\/modulbake.hu\\\/en\\\/cnc-laser-cutting-bending\\\/\"]}]},{\"@type\":\"ImageObject\",\"inLanguage\":\"en-US\",\"@id\":\"https:\\\/\\\/modulbake.hu\\\/en\\\/cnc-laser-cutting-bending\\\/#primaryimage\",\"url\":\"https:\\\/\\\/modulbake.hu\\\/wp-content\\\/uploads\\\/2012\\\/08\\\/IMG_3957-e1460725723171.jpg\",\"contentUrl\":\"https:\\\/\\\/modulbake.hu\\\/wp-content\\\/uploads\\\/2012\\\/08\\\/IMG_3957-e1460725723171.jpg\",\"width\":500,\"height\":375,\"caption\":\"L\u00e9zerv\u00e1g\u00f3 g\u00e9p - Modul-Bake Kft.\"},{\"@type\":\"WebSite\",\"@id\":\"https:\\\/\\\/modulbake.hu\\\/#website\",\"url\":\"https:\\\/\\\/modulbake.hu\\\/\",\"name\":\"Modul-Bake Kft. - Keny\u00e9rszeletel\u0151 g\u00e9pek, s\u00fct\u0151ipari \u00e9s cukr\u00e1szipari g\u00e9pek \u00e9s eszk\u00f6z\u00f6k\",\"description\":\"Keny\u00e9rszeletel\u0151 g\u00e9p, zsemlemorzsa dar\u00e1l\u00f3 g\u00e9p, kemence, forg\u00f3kocsis kemence, dagaszt\u00f3 g\u00e9p, ny\u00fajt\u00f3g\u00e9p, lisztsil\u00f3, kiflisodr\u00f3 g\u00e9p, zsemle oszt\u00f3 g\u00f6mb\u00f6ly\u00edt\u0151 g\u00e9p, s\u00fct\u0151kocsi, s\u00fct\u0151lemez bagett lemez, vet\u0151szerkezet, habver\u0151 kever\u0151 g\u00e9p, lemeztiszt\u00edt\u00f3 g\u00e9p, cukr\u00e1szipari g\u00e9p, s\u00fct\u0151ipari g\u00e9p, keny\u00e9rszeletel\u0151 g\u00e9p k\u00e9s, kiflisodr\u00f3 g\u00e9p filc, kr\u00e9mt\u00f6lt\u0151 g\u00e9p, kr\u00e9mf\u0151z\u0151 g\u00e9p,\",\"publisher\":{\"@id\":\"https:\\\/\\\/modulbake.hu\\\/#organization\"},\"potentialAction\":[{\"@type\":\"SearchAction\",\"target\":{\"@type\":\"EntryPoint\",\"urlTemplate\":\"https:\\\/\\\/modulbake.hu\\\/?s={search_term_string}\"},\"query-input\":{\"@type\":\"PropertyValueSpecification\",\"valueRequired\":true,\"valueName\":\"search_term_string\"}}],\"inLanguage\":\"en-US\"},{\"@type\":\"Organization\",\"@id\":\"https:\\\/\\\/modulbake.hu\\\/#organization\",\"name\":\"Modul-Bake Kft. - Keny\u00e9rszeletel\u0151 g\u00e9pek, s\u00fct\u0151ipari \u00e9s cukr\u00e1szipari g\u00e9pek \u00e9s eszk\u00f6z\u00f6k\",\"url\":\"https:\\\/\\\/modulbake.hu\\\/\",\"logo\":{\"@type\":\"ImageObject\",\"inLanguage\":\"en-US\",\"@id\":\"https:\\\/\\\/modulbake.hu\\\/#\\\/schema\\\/logo\\\/image\\\/\",\"url\":\"https:\\\/\\\/modulbake.hu\\\/wp-content\\\/uploads\\\/2019\\\/08\\\/logo250x250.jpg\",\"contentUrl\":\"https:\\\/\\\/modulbake.hu\\\/wp-content\\\/uploads\\\/2019\\\/08\\\/logo250x250.jpg\",\"width\":250,\"height\":250,\"caption\":\"Modul-Bake Kft. - Keny\u00e9rszeletel\u0151 g\u00e9pek, s\u00fct\u0151ipari \u00e9s cukr\u00e1szipari g\u00e9pek \u00e9s eszk\u00f6z\u00f6k\"},\"image\":{\"@id\":\"https:\\\/\\\/modulbake.hu\\\/#\\\/schema\\\/logo\\\/image\\\/\"},\"sameAs\":[\"http:\\\/\\\/facebook.com\\\/modulbake\",\"https:\\\/\\\/m.youtube.com\\\/@modulbakekft\",\"http:\\\/\\\/linkedin.com\\\/in\\\/modul-bake\",\"https:\\\/\\\/www.instagram.com\\\/modulbake?igsh=MTVmc21sdzdzbWlsdg&utm_source=qr\"]}]}<\/script>\n<!-- \/ Yoast SEO plugin. -->","yoast_head_json":{"title":"CNC laser cutting with fiber laser cutting machine - competitive prices","description":"CNC laser cutting with fiber laser cutting machine on competitive prices and short delivery dates. Carbon steel and stainless steel sheet cutting.","robots":{"index":"index","follow":"follow","max-snippet":"max-snippet:-1","max-image-preview":"max-image-preview:large","max-video-preview":"max-video-preview:-1"},"canonical":"https:\/\/modulbake.hu\/en\/cnc-laser-cutting-bending\/","twitter_misc":{"Est. reading time":"1 minute"},"schema":{"@context":"https:\/\/schema.org","@graph":[{"@type":"WebPage","@id":"https:\/\/modulbake.hu\/en\/cnc-laser-cutting-bending\/","url":"https:\/\/modulbake.hu\/en\/cnc-laser-cutting-bending\/","name":"CNC laser cutting with fiber laser cutting machine - competitive prices","isPartOf":{"@id":"https:\/\/modulbake.hu\/#website"},"primaryImageOfPage":{"@id":"https:\/\/modulbake.hu\/en\/cnc-laser-cutting-bending\/#primaryimage"},"image":{"@id":"https:\/\/modulbake.hu\/en\/cnc-laser-cutting-bending\/#primaryimage"},"thumbnailUrl":"https:\/\/modulbake.hu\/wp-content\/uploads\/2012\/08\/IMG_3957-e1460725723171.jpg","datePublished":"2017-09-12T07:41:06+00:00","dateModified":"2019-03-04T21:13:12+00:00","description":"CNC laser cutting with fiber laser cutting machine on competitive prices and short delivery dates. Carbon steel and stainless steel sheet cutting.","inLanguage":"en-US","potentialAction":[{"@type":"ReadAction","target":["https:\/\/modulbake.hu\/en\/cnc-laser-cutting-bending\/"]}]},{"@type":"ImageObject","inLanguage":"en-US","@id":"https:\/\/modulbake.hu\/en\/cnc-laser-cutting-bending\/#primaryimage","url":"https:\/\/modulbake.hu\/wp-content\/uploads\/2012\/08\/IMG_3957-e1460725723171.jpg","contentUrl":"https:\/\/modulbake.hu\/wp-content\/uploads\/2012\/08\/IMG_3957-e1460725723171.jpg","width":500,"height":375,"caption":"L\u00e9zerv\u00e1g\u00f3 g\u00e9p - Modul-Bake Kft."},{"@type":"WebSite","@id":"https:\/\/modulbake.hu\/#website","url":"https:\/\/modulbake.hu\/","name":"Modul-Bake Kft. - Keny\u00e9rszeletel\u0151 g\u00e9pek, s\u00fct\u0151ipari \u00e9s cukr\u00e1szipari g\u00e9pek \u00e9s eszk\u00f6z\u00f6k","description":"Keny\u00e9rszeletel\u0151 g\u00e9p, zsemlemorzsa dar\u00e1l\u00f3 g\u00e9p, kemence, forg\u00f3kocsis kemence, dagaszt\u00f3 g\u00e9p, ny\u00fajt\u00f3g\u00e9p, lisztsil\u00f3, kiflisodr\u00f3 g\u00e9p, zsemle oszt\u00f3 g\u00f6mb\u00f6ly\u00edt\u0151 g\u00e9p, s\u00fct\u0151kocsi, s\u00fct\u0151lemez bagett lemez, vet\u0151szerkezet, habver\u0151 kever\u0151 g\u00e9p, lemeztiszt\u00edt\u00f3 g\u00e9p, cukr\u00e1szipari g\u00e9p, s\u00fct\u0151ipari g\u00e9p, keny\u00e9rszeletel\u0151 g\u00e9p k\u00e9s, kiflisodr\u00f3 g\u00e9p filc, kr\u00e9mt\u00f6lt\u0151 g\u00e9p, kr\u00e9mf\u0151z\u0151 g\u00e9p,","publisher":{"@id":"https:\/\/modulbake.hu\/#organization"},"potentialAction":[{"@type":"SearchAction","target":{"@type":"EntryPoint","urlTemplate":"https:\/\/modulbake.hu\/?s={search_term_string}"},"query-input":{"@type":"PropertyValueSpecification","valueRequired":true,"valueName":"search_term_string"}}],"inLanguage":"en-US"},{"@type":"Organization","@id":"https:\/\/modulbake.hu\/#organization","name":"Modul-Bake Kft. - Keny\u00e9rszeletel\u0151 g\u00e9pek, s\u00fct\u0151ipari \u00e9s cukr\u00e1szipari g\u00e9pek \u00e9s eszk\u00f6z\u00f6k","url":"https:\/\/modulbake.hu\/","logo":{"@type":"ImageObject","inLanguage":"en-US","@id":"https:\/\/modulbake.hu\/#\/schema\/logo\/image\/","url":"https:\/\/modulbake.hu\/wp-content\/uploads\/2019\/08\/logo250x250.jpg","contentUrl":"https:\/\/modulbake.hu\/wp-content\/uploads\/2019\/08\/logo250x250.jpg","width":250,"height":250,"caption":"Modul-Bake Kft. - Keny\u00e9rszeletel\u0151 g\u00e9pek, s\u00fct\u0151ipari \u00e9s cukr\u00e1szipari g\u00e9pek \u00e9s eszk\u00f6z\u00f6k"},"image":{"@id":"https:\/\/modulbake.hu\/#\/schema\/logo\/image\/"},"sameAs":["http:\/\/facebook.com\/modulbake","https:\/\/m.youtube.com\/@modulbakekft","http:\/\/linkedin.com\/in\/modul-bake","https:\/\/www.instagram.com\/modulbake?igsh=MTVmc21sdzdzbWlsdg&utm_source=qr"]}]}},"jetpack_sharing_enabled":true,"_links":{"self":[{"href":"https:\/\/modulbake.hu\/en\/wp-json\/wp\/v2\/pages\/8344","targetHints":{"allow":["GET"]}}],"collection":[{"href":"https:\/\/modulbake.hu\/en\/wp-json\/wp\/v2\/pages"}],"about":[{"href":"https:\/\/modulbake.hu\/en\/wp-json\/wp\/v2\/types\/page"}],"author":[{"embeddable":true,"href":"https:\/\/modulbake.hu\/en\/wp-json\/wp\/v2\/users\/5"}],"replies":[{"embeddable":true,"href":"https:\/\/modulbake.hu\/en\/wp-json\/wp\/v2\/comments?post=8344"}],"version-history":[{"count":0,"href":"https:\/\/modulbake.hu\/en\/wp-json\/wp\/v2\/pages\/8344\/revisions"}],"wp:featuredmedia":[{"embeddable":true,"href":"https:\/\/modulbake.hu\/en\/wp-json\/wp\/v2\/media\/6209"}],"wp:attachment":[{"href":"https:\/\/modulbake.hu\/en\/wp-json\/wp\/v2\/media?parent=8344"}],"curies":[{"name":"wp","href":"https:\/\/api.w.org\/{rel}","templated":true}]}}